{"id":10,"date":"2016-03-23T17:31:25","date_gmt":"2016-03-23T16:31:25","guid":{"rendered":"http:\/\/www.wonnereich.com\/datenschutzbelehrung\/"},"modified":"2021-06-13T15:49:19","modified_gmt":"2021-06-13T13:49:19","slug":"datenschutzbelehrung","status":"publish","type":"page","link":"https:\/\/www.wonnereich.com\/en\/impressum\/datenschutzbelehrung\/","title":{"rendered":"Data Protection"},"content":{"rendered":"<p>WONNEREICH<br \/>\nDr. Ulrike Rainer<br \/>\nNeustiftgasse 93<br \/>\nA-1070 Wien<br \/>\noffice@wonnereich.com<br \/>\nTelefon 0043 (0) 664 497 49 17<\/p>\n<p>The data we have received from you will only be passed on to subcontractors (in particular the printing company or delivery company) if and to the extent that this is necessary for the proper fulfillment of the order.<\/p>\n<p>Furthermore, no data is exchanged with other companies.<\/p>\n<p>You can also submit an order without a customer account. You can correct or delete the data you entered to create a customer account at any time. Your customer account is password protected, which means that strangers do not have access to the account or data.<\/p>\n<p class=\"translation-block\">Forms<br> As far as personal data (e.g. name, address or email addresses) is collected on our pages (e.g. in a contact or order form), this is always done on a voluntary basis. Only those fields that are absolutely necessary to use the offer are specified as mandatory in the forms.<\/p>\n<p>If you send us inquiries using a form, your details from the form, including the contact details you provided there, will be stored by us in order to process the inquiry and in case of follow-up questions. We will not pass on your transmitted data to third parties without your express consent.\nConsent to the transmission of your data to companies involved in the production or shipment of the product (e.g. printing companies, delivery companies) is deemed to have been given when you send the order button.<\/p>\n<p>In this context, we would like to point out that data transmission over the Internet (e.g. when communicating via email) can have security gaps. Complete protection of data from access by third parties is not possible.<\/p>\n<p class=\"translation-block\">Analysis tools<br> This website uses Google Analytics, a web analysis service from Google Inc. (\u201cGoogle\u201d). Google Analytics uses so-called \u201ccookies\u201d, text files that are stored on your computer and that enable your use of the website to be analyzed.\nThe information generated by the cookie about your use of this website (including your IP address) is transmitted to a Google server in the USA and stored there. Google will use this information to evaluate your use of the website,\nto compile reports on website activity for website operators and to provide other services related to website activity and internet usage. Google may also transfer this information to third parties,\nif required by law or if third parties process this data on behalf of Google. Under no circumstances will Google associate your IP address with other Google data. You can prevent the installation of cookies by setting your browser software accordingly; However, we would like to point out that\nthat in this case you may not be able to fully use all functions of this website.<\/p>\n<p>By using this website, you agree to the processing of the data collected about you by Google in the manner and for the purpose described above. The collection and storage of data can be objected to at any time with effect for the future.\nIn view of the discussion about the use of analysis tools with full IP addresses, we would like to point out that this website uses Google Analytics with the extension \u201c_anonymizeIp()\u201d and therefore IP addresses are only processed in shortened form in order to exclude any direct personal reference.<\/p>\n<p class=\"translation-block\">Script libraries, Google Webfonts<br> In order to display our content correctly and graphically appealing across browsers, we use script libraries and font libraries on this website such as: B. Google Webfonts (https:\/\/www.google.com\/webfonts\/).\nGoogle web fonts are transferred to your browser's cache to avoid multiple loading. If the browser does not support Google Web Fonts or prevents access, content will be displayed in a standard font.<\/p>\n<p>Calling script libraries or font libraries automatically triggers a connection to the library operator. It is theoretically possible - although it is currently unclear whether and, if so, for what purposes - that operators of corresponding libraries collect data.<\/p>\n<p>The privacy policy of the library operator Google can be found here: https:\/\/www.google.com\/policies\/privacy\/<\/p>\n<p><strong>Who we are<\/strong><br \/>\nDie Adresse unserer Website ist: http:\/\/www.wonnereich.com.<\/p>\n<p><strong>What personal information we collect and why we collect it<\/strong><\/p>\n<ul>\n<li><strong>Comments<br \/>\n<\/strong>When visitors leave comments on the site, we collect the data shown in the comments form, as well as the visitor's IP address and user agent string (which identifies the browser) to help spam detection .From your email\nAn anonymized string can be created (also called a hash) and passed to the Gravatar service to check whether it is used. The Gravatar service privacy policy can be found here: https:\/\/automattic.com\/privacy\/. After your comment is approved,\nYour profile picture is publicly visible in the context of your comment.<\/li>\n<li><strong>Media<br \/>\n<\/strong>If you are a registered user and upload photos to this website, you should avoid uploading photos with an EXIF \u200b\u200bGPS location. Visitors to this website could download photos stored on this website and extract their location information.<\/li>\n<li><strong>Cookies<br \/>\n<\/strong>If you leave a comment on our website, you may agree to save your name, email address and website in cookies. These are for your convenience so that you do not have to fill in all your details again when you leave another comment. These cookies are stored for one year.<br \/>\nIf you have an account and you log in to this website, we will set a temporary cookie to determine whether your browser accepts cookies. This cookie contains no personal data and is discarded when you close your browser.<br \/>\nWhen you log in, we will set up some cookies to save your login information and viewing choices. Login cookies expire after two days and viewing options cookies expire after one year. If you select \u201cStay logged in\u201d when registering, your login will be maintained for two weeks.\nWhen you log out of your account, the login cookies will be deleted.<br \/>\nWhen you edit or publish an article, an additional cookie is stored in your browser. This cookie contains no personal data and only refers to the post ID of the article you just edited. The cookie expires after one day.<\/li>\n<\/ul>\n<p class=\"translation-block\">Embedded content from other websites<br> Posts on this website may contain embedded content (e.g. videos, images, posts, etc.). Embedded content from other websites behaves exactly as if the visitor had visited the other website.<\/p>\n<p>These websites may collect data about you, use cookies, embed additional third-party tracking, and monitor your interaction with that embedded content, including tracking your interaction with the embedded content if you have an account and are logged in to that website.<\/p>\n<p><strong>How long we store your data<br \/>\n<\/strong>If you write a comment, it will be saved indefinitely, including metadata. This way we can recognize and approve any follow-up comments automatically instead of holding them in a moderation queue.<\/p>\n<p>For users who register on our website, we additionally store the personal information they provide in their user profiles. All users can view, change or delete their personal information at any time (the user name cannot be changed).\nWebsite administrators can also view and change this information.<\/p>\n<p>Generally, we retain information about you for as long as we need it for the purposes for which we received it. For example, we store order information for years to file tax returns or for payment reasons. This includes your name, email address and billing and delivery address.<\/p>\n<p class=\"translation-block\"><strong>Rights you have over your data<br> <\/strong>If you have an account on this website or have written comments, you can request an export of your personal data from us, including any data you have provided to us . In addition, you can request the deletion of all personal data,\nthat we have stored about you. This does not include data that we are required to retain for administrative, legal or security reasons.<\/p>\n<p class=\"translation-block\"><strong>Where we send your data<br> <\/strong>Visitor comments may be checked through an automated spam detection service.<\/p>\n<ul>\n<li class=\"translation-block\"><strong>During the ordering process<\/strong>:<br> We collect information about you during the check-out process.<\/li>\n<li class=\"translation-block\">When you order something, we ask for information such as name, address, billing and delivery address, email address, telephone number, and depending on your payment choice, credit card number, possibly also username and password.\n<strong>We use this information for the purpose of:<\/strong><br> \u2013 keeping you informed about the order<br> \u2013 responding to your questions or complaints<br> \u2013 processing payments and preventing fraud<br> \u2013 Marketing to you at your express request\nTo send messages about news<br> \u2013 To comply with the legal obligations we have (e.g. to calculate taxes, etc.)<br> \u2013 To improve our offer or the website<\/li>\n<li class=\"translation-block\"><strong>During your visit we track:<\/strong><br> Products that you have viewed in order, for example, to then show you these products again. Your location, IP address and browser for purposes such as estimating shipping costs and taxes. We ask you to enter your delivery address,\nso that we can, for example, calculate shipping costs in advance before you place the order and so that we can send the product to you. During your visit, we set cookies to display the contents of your shopping cart while you browse.<\/li>\n<li>When you open an account, we store your name, address, email and phone number, including for checkout of future orders.<\/li>\n<li>We also save comments and reviews if you decide to send them to us.<\/li>\n<\/ul>\n<p class=\"translation-block\"><strong>Who among us has access<br> <\/strong>Members of our team have access to this information, for example shop operators and administrators can access:<\/p>\n<ul>\n<li>Order information such as your name, email address and billing and delivery address. Members of our team may also have access to this information to help you complete, advise or make suggestions.<\/li>\n<li>We share the information you leave during the ordering process, for example to order personalized products, but also your name, addresses, email address and telephone number, with subcontractors, in these cases primarily printing companies, if this is necessary for the production of the product.<\/li>\n<li class=\"translation-block\">We accept <strong style=\"font-size: inherit\">payment<\/strong><span style=\"font-size: inherit\"> via PayPal. During the payment process, some of your data will be transmitted to PayPal, including information required to process the payment, such as the final price of the product and billing information.\nFurther details on the terms and privacy policies can be found on the PayPal website. https:\/\/www.paypal.com\/us\/webapps\/mpp\/ua\/privacy-full<\/span><\/li>\n<\/ul>","protected":false},"excerpt":{"rendered":"<p>WONNEREICH Dr. Ulrike Rainer Neustiftgasse 93 A-1070 Wien office@wonnereich.com Telefon 0043 (0) 664 497 49 17 Die Daten, die wir von Ihnen erhalten haben, werden nur dann an Subfirmen (insbesondere an die Druckerei oder Lieferfirma) weitergegeben, wenn und soweit dies zur ordnungsgem\u00e4\u00dfen Erf\u00fcllung des Auftrags notwendig ist. Dar\u00fcber hinaus erfolgt kein Datenaustausch mit anderen Firmen. [&hellip;]<\/p>","protected":false},"author":1,"featured_media":0,"parent":11,"menu_order":0,"comment_status":"closed","ping_status":"closed","template":"","meta":{"footnotes":""},"class_list":["post-10","page","type-page","status-publish","hentry"],"yoast_head":"<!-- This site is optimized with the Yoast SEO plugin v26.9 - https:\/\/yoast.com\/product\/yoast-seo-wordpress\/ -->\n<title>Datenschutzbelehrung &#8226; ATELIER WONNEREICH<\/title>\n<meta name=\"robots\" content=\"index, follow, max-snippet:-1, max-image-preview:large, max-video-preview:-1\" \/>\n<link rel=\"canonical\" href=\"https:\/\/www.wonnereich.com\/en\/impressum\/datenschutzbelehrung\/\" \/>\n<meta property=\"og:locale\" content=\"en_GB\" \/>\n<meta property=\"og:type\" content=\"article\" \/>\n<meta property=\"og:title\" content=\"Datenschutzbelehrung &#8226; ATELIER WONNEREICH\" \/>\n<meta property=\"og:description\" content=\"WONNEREICH Dr. Ulrike Rainer Neustiftgasse 93 A-1070 Wien office@wonnereich.com Telefon 0043 (0) 664 497 49 17 Die Daten, die wir von Ihnen erhalten haben, werden nur dann an Subfirmen (insbesondere an die Druckerei oder Lieferfirma) weitergegeben, wenn und soweit dies zur ordnungsgem\u00e4\u00dfen Erf\u00fcllung des Auftrags notwendig ist. Dar\u00fcber hinaus erfolgt kein Datenaustausch mit anderen Firmen. [&hellip;]\" \/>\n<meta property=\"og:url\" content=\"https:\/\/www.wonnereich.com\/en\/impressum\/datenschutzbelehrung\/\" \/>\n<meta property=\"og:site_name\" content=\"ATELIER WONNEREICH\" \/>\n<meta property=\"article:modified_time\" content=\"2021-06-13T13:49:19+00:00\" \/>\n<meta name=\"twitter:card\" content=\"summary_large_image\" \/>\n<meta name=\"twitter:label1\" content=\"Estimated reading time\" \/>\n\t<meta name=\"twitter:data1\" content=\"7 minutes\" \/>\n<script type=\"application\/ld+json\" class=\"yoast-schema-graph\">{\"@context\":\"https:\/\/schema.org\",\"@graph\":[{\"@type\":\"WebPage\",\"@id\":\"https:\/\/www.wonnereich.com\/impressum\/datenschutzbelehrung\/\",\"url\":\"https:\/\/www.wonnereich.com\/impressum\/datenschutzbelehrung\/\",\"name\":\"Datenschutzbelehrung &#8226; ATELIER WONNEREICH\",\"isPartOf\":{\"@id\":\"https:\/\/www.wonnereich.com\/#website\"},\"datePublished\":\"2016-03-23T16:31:25+00:00\",\"dateModified\":\"2021-06-13T13:49:19+00:00\",\"breadcrumb\":{\"@id\":\"https:\/\/www.wonnereich.com\/impressum\/datenschutzbelehrung\/#breadcrumb\"},\"inLanguage\":\"en-GB\",\"potentialAction\":[{\"@type\":\"ReadAction\",\"target\":[\"https:\/\/www.wonnereich.com\/impressum\/datenschutzbelehrung\/\"]}]},{\"@type\":\"BreadcrumbList\",\"@id\":\"https:\/\/www.wonnereich.com\/impressum\/datenschutzbelehrung\/#breadcrumb\",\"itemListElement\":[{\"@type\":\"ListItem\",\"position\":1,\"name\":\"Home\",\"item\":\"https:\/\/www.wonnereich.com\/\"},{\"@type\":\"ListItem\",\"position\":2,\"name\":\"Impressum\",\"item\":\"https:\/\/www.wonnereich.com\/impressum\/\"},{\"@type\":\"ListItem\",\"position\":3,\"name\":\"Datenschutzbelehrung\"}]},{\"@type\":\"WebSite\",\"@id\":\"https:\/\/www.wonnereich.com\/#website\",\"url\":\"https:\/\/www.wonnereich.com\/\",\"name\":\"ATELIER WONNEREICH\",\"description\":\"Handwerk+Design Moderne Wandbilder\",\"publisher\":{\"@id\":\"https:\/\/www.wonnereich.com\/#organization\"},\"potentialAction\":[{\"@type\":\"SearchAction\",\"target\":{\"@type\":\"EntryPoint\",\"urlTemplate\":\"https:\/\/www.wonnereich.com\/?s={search_term_string}\"},\"query-input\":{\"@type\":\"PropertyValueSpecification\",\"valueRequired\":true,\"valueName\":\"search_term_string\"}}],\"inLanguage\":\"en-GB\"},{\"@type\":\"Organization\",\"@id\":\"https:\/\/www.wonnereich.com\/#organization\",\"name\":\"Atelier WONNEREICH\",\"url\":\"https:\/\/www.wonnereich.com\/\",\"logo\":{\"@type\":\"ImageObject\",\"inLanguage\":\"en-GB\",\"@id\":\"https:\/\/www.wonnereich.com\/#\/schema\/logo\/image\/\",\"url\":\"https:\/\/www.wonnereich.com\/wp-content\/uploads\/2020\/05\/cropped-atelier-wonnereich-wandbilder-1024x256-1.jpg\",\"contentUrl\":\"https:\/\/www.wonnereich.com\/wp-content\/uploads\/2020\/05\/cropped-atelier-wonnereich-wandbilder-1024x256-1.jpg\",\"width\":1024,\"height\":240,\"caption\":\"Atelier WONNEREICH\"},\"image\":{\"@id\":\"https:\/\/www.wonnereich.com\/#\/schema\/logo\/image\/\"}}]}<\/script>\n<!-- \/ Yoast SEO plugin. -->","yoast_head_json":{"title":"Datenschutzbelehrung &#8226; ATELIER WONNEREICH","robots":{"index":"index","follow":"follow","max-snippet":"max-snippet:-1","max-image-preview":"max-image-preview:large","max-video-preview":"max-video-preview:-1"},"canonical":"https:\/\/www.wonnereich.com\/en\/impressum\/datenschutzbelehrung\/","og_locale":"en_GB","og_type":"article","og_title":"Datenschutzbelehrung &#8226; ATELIER WONNEREICH","og_description":"WONNEREICH Dr. Ulrike Rainer Neustiftgasse 93 A-1070 Wien office@wonnereich.com Telefon 0043 (0) 664 497 49 17 Die Daten, die wir von Ihnen erhalten haben, werden nur dann an Subfirmen (insbesondere an die Druckerei oder Lieferfirma) weitergegeben, wenn und soweit dies zur ordnungsgem\u00e4\u00dfen Erf\u00fcllung des Auftrags notwendig ist. Dar\u00fcber hinaus erfolgt kein Datenaustausch mit anderen Firmen. [&hellip;]","og_url":"https:\/\/www.wonnereich.com\/en\/impressum\/datenschutzbelehrung\/","og_site_name":"ATELIER WONNEREICH","article_modified_time":"2021-06-13T13:49:19+00:00","twitter_card":"summary_large_image","twitter_misc":{"Estimated reading time":"7 minutes"},"schema":{"@context":"https:\/\/schema.org","@graph":[{"@type":"WebPage","@id":"https:\/\/www.wonnereich.com\/impressum\/datenschutzbelehrung\/","url":"https:\/\/www.wonnereich.com\/impressum\/datenschutzbelehrung\/","name":"Datenschutzbelehrung &#8226; ATELIER WONNEREICH","isPartOf":{"@id":"https:\/\/www.wonnereich.com\/#website"},"datePublished":"2016-03-23T16:31:25+00:00","dateModified":"2021-06-13T13:49:19+00:00","breadcrumb":{"@id":"https:\/\/www.wonnereich.com\/impressum\/datenschutzbelehrung\/#breadcrumb"},"inLanguage":"en-GB","potentialAction":[{"@type":"ReadAction","target":["https:\/\/www.wonnereich.com\/impressum\/datenschutzbelehrung\/"]}]},{"@type":"BreadcrumbList","@id":"https:\/\/www.wonnereich.com\/impressum\/datenschutzbelehrung\/#breadcrumb","itemListElement":[{"@type":"ListItem","position":1,"name":"Home","item":"https:\/\/www.wonnereich.com\/"},{"@type":"ListItem","position":2,"name":"Impressum","item":"https:\/\/www.wonnereich.com\/impressum\/"},{"@type":"ListItem","position":3,"name":"Datenschutzbelehrung"}]},{"@type":"WebSite","@id":"https:\/\/www.wonnereich.com\/#website","url":"https:\/\/www.wonnereich.com\/","name":"ATELIER WONNEREICH","description":"Handwerk+Design Moderne Wandbilder","publisher":{"@id":"https:\/\/www.wonnereich.com\/#organization"},"potentialAction":[{"@type":"SearchAction","target":{"@type":"EntryPoint","urlTemplate":"https:\/\/www.wonnereich.com\/?s={search_term_string}"},"query-input":{"@type":"PropertyValueSpecification","valueRequired":true,"valueName":"search_term_string"}}],"inLanguage":"en-GB"},{"@type":"Organization","@id":"https:\/\/www.wonnereich.com\/#organization","name":"Atelier WONNEREICH","url":"https:\/\/www.wonnereich.com\/","logo":{"@type":"ImageObject","inLanguage":"en-GB","@id":"https:\/\/www.wonnereich.com\/#\/schema\/logo\/image\/","url":"https:\/\/www.wonnereich.com\/wp-content\/uploads\/2020\/05\/cropped-atelier-wonnereich-wandbilder-1024x256-1.jpg","contentUrl":"https:\/\/www.wonnereich.com\/wp-content\/uploads\/2020\/05\/cropped-atelier-wonnereich-wandbilder-1024x256-1.jpg","width":1024,"height":240,"caption":"Atelier WONNEREICH"},"image":{"@id":"https:\/\/www.wonnereich.com\/#\/schema\/logo\/image\/"}}]}},"_links":{"self":[{"href":"https:\/\/www.wonnereich.com\/en\/wp-json\/wp\/v2\/pages\/10","targetHints":{"allow":["GET"]}}],"collection":[{"href":"https:\/\/www.wonnereich.com\/en\/wp-json\/wp\/v2\/pages"}],"about":[{"href":"https:\/\/www.wonnereich.com\/en\/wp-json\/wp\/v2\/types\/page"}],"author":[{"embeddable":true,"href":"https:\/\/www.wonnereich.com\/en\/wp-json\/wp\/v2\/users\/1"}],"replies":[{"embeddable":true,"href":"https:\/\/www.wonnereich.com\/en\/wp-json\/wp\/v2\/comments?post=10"}],"version-history":[{"count":4,"href":"https:\/\/www.wonnereich.com\/en\/wp-json\/wp\/v2\/pages\/10\/revisions"}],"predecessor-version":[{"id":13826,"href":"https:\/\/www.wonnereich.com\/en\/wp-json\/wp\/v2\/pages\/10\/revisions\/13826"}],"up":[{"embeddable":true,"href":"https:\/\/www.wonnereich.com\/en\/wp-json\/wp\/v2\/pages\/11"}],"wp:attachment":[{"href":"https:\/\/www.wonnereich.com\/en\/wp-json\/wp\/v2\/media?parent=10"}],"curies":[{"name":"wp","href":"https:\/\/api.w.org\/{rel}","templated":true}]}}