{"id":10883,"date":"2020-01-24T11:27:06","date_gmt":"2020-01-24T10:27:06","guid":{"rendered":"https:\/\/www.wonnereich.com\/?page_id=10883"},"modified":"2021-06-09T17:31:56","modified_gmt":"2021-06-09T15:31:56","slug":"bezahlbare-kunst-online-kaufen","status":"publish","type":"page","link":"https:\/\/www.wonnereich.com\/en\/bezahlbare-kunst-online-kaufen\/","title":{"rendered":"Craft &amp; Design"},"content":{"rendered":"<h2 class=\"wp-block-heading\">Affordable Art to Buy Online<\/h2>\n\n\n\n<figure class=\"wp-block-image size-large\"><img decoding=\"async\" width=\"1024\" height=\"683\" src=\"https:\/\/www.wonnereich.com\/wp-content\/uploads\/2020\/05\/bezahlbare_kunst_online_kaufen-1024x683.jpg\" alt=\"Abstrakte Kunst online kaufen\" class=\"wp-image-13288 no-lazyload\" title=\"Abstrakte Kunst online kaufen\" srcset=\"https:\/\/www.wonnereich.com\/wp-content\/uploads\/2020\/05\/bezahlbare_kunst_online_kaufen-1024x683.jpg 1024w, https:\/\/www.wonnereich.com\/wp-content\/uploads\/2020\/05\/bezahlbare_kunst_online_kaufen-768x512.jpg 768w, https:\/\/www.wonnereich.com\/wp-content\/uploads\/2020\/05\/bezahlbare_kunst_online_kaufen-1536x1024.jpg 1536w, https:\/\/www.wonnereich.com\/wp-content\/uploads\/2020\/05\/bezahlbare_kunst_online_kaufen-416x277.jpg 416w, https:\/\/www.wonnereich.com\/wp-content\/uploads\/2020\/05\/bezahlbare_kunst_online_kaufen-300x200.jpg 300w, https:\/\/www.wonnereich.com\/wp-content\/uploads\/2020\/05\/bezahlbare_kunst_online_kaufen.jpg 1800w\" sizes=\"(max-width: 1024px) 100vw, 1024px\" \/><figcaption>High quality, yet affordable - abstract art on handmade paper with real gold - 3 archangels<\/figcaption><\/figure>\n\n\n\n<h2 class=\"wp-block-heading\">Modern images add great accents<\/h2>\n\n\n\n<p><\/p>\n\n\n\n<p>A well-chosen picture painted in a contemporary style can give a room completely new perspectives. It can turn a boring corner into an exciting eye-catcher, can conjure up peace where many utensils are fighting for space at the forefront of attention.\nFinally, an unusual piece of wall art can also visually separate different living areas. Or, on the contrary, create a connection from one element to another. <\/p>\n\n\n\n<h3 class=\"wp-block-heading\">Affordable art for a unique ambience<\/h3>\n\n\n\n<p>Beautiful modern art that is affordable and available online, such as the images of saints with real gold leaf or precious document ink, will be enjoyed for a long time and fits any interior style. It sets accents and gives walls that touch of the incomparable. It reflects the personality of the residents and is pleasing to the eye. Above all,\nyou can choose from many motifs, yet the images are always unique, because they are made by hand. <\/p>\n\n\n\n<h3 class=\"wp-block-heading\">Handmade or fine print, both customizable<\/h3>\n\n\n\n<figure class=\"wp-block-table\"><table class=\"has-fixed-layout\"><tbody><tr><td><a href=\"https:\/\/www.wonnereich.com\/en\/product-category\/handgemacht\/\"><img decoding=\"async\" width=\"600\" height=\"600\" class=\"wp-image-10886 no-lazyload\" style=\"width: 600px;\" src=\"https:\/\/www.wonnereich.com\/wp-content\/uploads\/2020\/01\/frei-eisen-gohl-1506-gabriel.jpg\" alt=\"\" srcset=\"https:\/\/www.wonnereich.com\/wp-content\/uploads\/2020\/01\/frei-eisen-gohl-1506-gabriel.jpg 1200w, https:\/\/www.wonnereich.com\/wp-content\/uploads\/2020\/01\/frei-eisen-gohl-1506-gabriel-768x768.jpg 768w, https:\/\/www.wonnereich.com\/wp-content\/uploads\/2020\/01\/frei-eisen-gohl-1506-gabriel-324x324.jpg 324w, https:\/\/www.wonnereich.com\/wp-content\/uploads\/2020\/01\/frei-eisen-gohl-1506-gabriel-416x416.jpg 416w, https:\/\/www.wonnereich.com\/wp-content\/uploads\/2020\/01\/frei-eisen-gohl-1506-gabriel-100x100.jpg 100w, https:\/\/www.wonnereich.com\/wp-content\/uploads\/2020\/01\/frei-eisen-gohl-1506-gabriel-150x150.jpg 150w, https:\/\/www.wonnereich.com\/wp-content\/uploads\/2020\/01\/frei-eisen-gohl-1506-gabriel-300x300.jpg 300w, https:\/\/www.wonnereich.com\/wp-content\/uploads\/2020\/01\/frei-eisen-gohl-1506-gabriel-1024x1024.jpg 1024w\" sizes=\"(max-width: 600px) 100vw, 600px\" \/><\/a>                                      <\/td><td><a href=\"https:\/\/www.wonnereich.com\/en\/product-category\/fine-art-print\/\"><img decoding=\"async\" width=\"600\" height=\"600\" class=\"wp-image-10923 no-lazyload\" style=\"width: 600px;\" src=\"https:\/\/www.wonnereich.com\/wp-content\/uploads\/2020\/01\/geschenke-fine-art-print-landkarte-2.jpg\" alt=\"\" srcset=\"https:\/\/www.wonnereich.com\/wp-content\/uploads\/2020\/01\/geschenke-fine-art-print-landkarte-2.jpg 1200w, https:\/\/www.wonnereich.com\/wp-content\/uploads\/2020\/01\/geschenke-fine-art-print-landkarte-2-768x768.jpg 768w, https:\/\/www.wonnereich.com\/wp-content\/uploads\/2020\/01\/geschenke-fine-art-print-landkarte-2-324x324.jpg 324w, https:\/\/www.wonnereich.com\/wp-content\/uploads\/2020\/01\/geschenke-fine-art-print-landkarte-2-416x416.jpg 416w, https:\/\/www.wonnereich.com\/wp-content\/uploads\/2020\/01\/geschenke-fine-art-print-landkarte-2-100x100.jpg 100w, https:\/\/www.wonnereich.com\/wp-content\/uploads\/2020\/01\/geschenke-fine-art-print-landkarte-2-150x150.jpg 150w, https:\/\/www.wonnereich.com\/wp-content\/uploads\/2020\/01\/geschenke-fine-art-print-landkarte-2-300x300.jpg 300w, https:\/\/www.wonnereich.com\/wp-content\/uploads\/2020\/01\/geschenke-fine-art-print-landkarte-2-1024x1024.jpg 1024w\" sizes=\"(max-width: 600px) 100vw, 600px\" \/><\/a><\/td><\/tr><tr><td><a href=\"https:\/\/www.wonnereich.com\/en\/product-category\/handgemacht\/\"><h2>Handmade<\/h2><\/a><br><br>Atelier Wonnereich creates modern, minimalist images of saints by hand from the finest materials. The abstract motifs made of pure gold leaf or the finest document ink are placed on real handmade paper. <br><br> Many motifs are customizable and can be assigned to a specific saint according to your wishes. The pictures are made in Vienna and can be delivered to most countries in the world. <br><br>This <a href=\"https:\/\/www.portalderwirtschaft.de\/pressemitteilung\/331528\/neuester-trend-bei-wohnen-und-lifestyle-moderne-heiligenbilder-begehrt-im-vereinigten-koenigreich.html\">affordable art that can be purchased online has already found international resonance.<\/a><br><br>Hand signed and with certificate.<br><\/td><td><h2><a href=\"https:\/\/www.wonnereich.com\/en\/product-category\/fine-art-print\/\">Fine Art Print<\/a><\/h2><br><br>Wonnereich also offers customizable fine art prints on exclusive or very unusual materials. In addition to sayings, map motifs are also available. <br><br>All items are ideal as gifts for many occasions, including the big celebrations in life, such as baptisms, confirmations, weddings or the completion of training.  <br><br>Lasting memory. An elegant eye-catcher in every ambience.<\/td><\/tr><\/tbody><\/table><\/figure>\n\n\n\n<h2 class=\"wp-block-heading\">Latest<\/h2>\n\n\n\n<div class=\"woocommerce columns-3\"><ul class=\"products columns-3\">\n<li class=\"product type-product post-14500 status-publish first instock product_cat-wandbilder-gold product_cat-allgemein product_cat-geschenke-frauen product_cat-geschenke-fuer-maenner product_cat-geschenke-nach-anlass product_cat-handgemacht product_cat-heiligenbilder-gold product_cat-hochzeitsgeschenke product_cat-limitierte-auflage product_cat-buetten-gold product_cat-wandbilder-medium product_cat-weihnachtsgeschenke product_tag-edel product_tag-geschenke-fuer-frauen product_tag-geschenke-fuer-maenner product_tag-goldauflage product_tag-handgefertigt product_tag-wandbild product_tag-weihnachtsgeschenke has-post-thumbnail featured shipping-taxable purchasable product-type-variable has-default-attributes\">\n\t<a href=\"https:\/\/www.wonnereich.com\/en\/product\/kunst-fuer-manager-bueros-hl-benedikt\/\" class=\"woocommerce-LoopProduct-link woocommerce-loop-product__link\"><img decoding=\"async\" width=\"324\" height=\"324\" src=\"https:\/\/www.wonnereich.com\/wp-content\/uploads\/2025\/02\/GOHL-2128-0001-3-2-Benedikt-m-2-324x324.jpg\" class=\"attachment-woocommerce_thumbnail size-woocommerce_thumbnail no-lazyload\" alt=\"Hl. Benedikt - Manager\" srcset=\"https:\/\/www.wonnereich.com\/wp-content\/uploads\/2025\/02\/GOHL-2128-0001-3-2-Benedikt-m-2-324x324.jpg 324w, https:\/\/www.wonnereich.com\/wp-content\/uploads\/2025\/02\/GOHL-2128-0001-3-2-Benedikt-m-2-150x150.jpg 150w, https:\/\/www.wonnereich.com\/wp-content\/uploads\/2025\/02\/GOHL-2128-0001-3-2-Benedikt-m-2-100x100.jpg 100w\" sizes=\"(max-width: 324px) 100vw, 324px\" \/><h2 class=\"woocommerce-loop-product__title\">St. Benedict - Manager<\/h2>\n\t<span class=\"price\"><span class=\"woocommerce-Price-amount amount\" aria-hidden=\"true\"><bdi><span class=\"woocommerce-Price-currencySymbol\">&euro;<\/span>&nbsp;440,00<\/bdi><\/span> <span aria-hidden=\"true\">&ndash;<\/span> <span class=\"woocommerce-Price-amount amount\" aria-hidden=\"true\"><bdi><span class=\"woocommerce-Price-currencySymbol\">&euro;<\/span>&nbsp;820,00<\/bdi><\/span><span class=\"screen-reader-text\" data-no-translation=\"\" data-trp-gettext=\"\">Price range: &euro;&nbsp;440,00 through &euro;&nbsp;820,00<\/span><\/span>\n<\/a><a href=\"https:\/\/www.wonnereich.com\/en\/product\/kunst-fuer-manager-bueros-hl-benedikt\/\" aria-describedby=\"woocommerce_loop_add_to_cart_link_describedby_14500\" data-quantity=\"1\" class=\"button product_type_variable add_to_cart_button\" data-product_id=\"14500\" data-product_sku=\"GOHL2128-0001-3\" aria-label=\"Select options for \u201cHl. Benedikt - Manager\u201d\" rel=\"nofollow\" data-no-translation=\"\" data-trp-gettext=\"\" data-no-translation-aria-label=\"\">Select options<\/a>\t<span id=\"woocommerce_loop_add_to_cart_link_describedby_14500\" class=\"screen-reader-text\">\n\t\tThis product has multiple variants. The options may be chosen on the product page\t<\/span>\n<\/li>\n<li class=\"product type-product post-14482 status-publish instock product_cat-wandbilder-rot product_cat-geburtstagsgeschenke product_cat-geschenke-frauen product_cat-geschenke-fuer-maenner product_cat-geschenke-nach-anlass product_cat-handgemacht product_cat-hochzeitsgeschenke product_cat-limitierte-auflage product_cat-buetten-rot product_cat-moderne-heiligenbilder-aussergewoehnlicher-wandschmuck-mit-echtem-blattgold-auf-buetten product_cat-spuren-rot product_cat-kleine-wandbilder product_cat-weihnachtsgeschenke product_tag-edel product_tag-geburtstagsgeschenke product_tag-geschenk product_tag-geschenke-fuer-frauen product_tag-geschenke-fuer-maenner product_tag-handgefertigt product_tag-heiliger product_tag-wandbild has-post-thumbnail featured shipping-taxable purchasable product-type-variable has-default-attributes\">\n\t<a href=\"https:\/\/www.wonnereich.com\/en\/product\/heiliger-georg-kunstwerk-modern\/\" class=\"woocommerce-LoopProduct-link woocommerce-loop-product__link\"><img decoding=\"async\" width=\"324\" height=\"324\" src=\"https:\/\/www.wonnereich.com\/wp-content\/uploads\/2025\/01\/ROHL-2027-1-st-george--scaled-e1751549438184-324x324.jpg\" class=\"attachment-woocommerce_thumbnail size-woocommerce_thumbnail no-lazyload\" alt=\"Heiliger Georg Kunstwerk modernes Heiligenbild\" srcset=\"https:\/\/www.wonnereich.com\/wp-content\/uploads\/2025\/01\/ROHL-2027-1-st-george--scaled-e1751549438184-324x324.jpg 324w, https:\/\/www.wonnereich.com\/wp-content\/uploads\/2025\/01\/ROHL-2027-1-st-george--scaled-e1751549438184-150x150.jpg 150w, https:\/\/www.wonnereich.com\/wp-content\/uploads\/2025\/01\/ROHL-2027-1-st-george--scaled-e1751549438184-100x100.jpg 100w\" sizes=\"(max-width: 324px) 100vw, 324px\" \/><h2 class=\"woocommerce-loop-product__title\">St. George \u2013 Soldiers, Riders<\/h2>\n\t<span class=\"price\"><span class=\"woocommerce-Price-amount amount\" aria-hidden=\"true\"><bdi><span class=\"woocommerce-Price-currencySymbol\">&euro;<\/span>&nbsp;440,00<\/bdi><\/span> <span aria-hidden=\"true\">&ndash;<\/span> <span class=\"woocommerce-Price-amount amount\" aria-hidden=\"true\"><bdi><span class=\"woocommerce-Price-currencySymbol\">&euro;<\/span>&nbsp;820,00<\/bdi><\/span><span class=\"screen-reader-text\" data-no-translation=\"\" data-trp-gettext=\"\">Price range: &euro;&nbsp;440,00 through &euro;&nbsp;820,00<\/span><\/span>\n<\/a><a href=\"https:\/\/www.wonnereich.com\/en\/product\/heiliger-georg-kunstwerk-modern\/\" aria-describedby=\"woocommerce_loop_add_to_cart_link_describedby_14482\" data-quantity=\"1\" class=\"button product_type_variable add_to_cart_button\" data-product_id=\"14482\" data-product_sku=\"rohl-2027-1v-10\" aria-label=\"Select options for \u201cHl. Georg - Soldaten, Reiter\u201d\" rel=\"nofollow\" data-no-translation=\"\" data-trp-gettext=\"\" data-no-translation-aria-label=\"\">Select options<\/a>\t<span id=\"woocommerce_loop_add_to_cart_link_describedby_14482\" class=\"screen-reader-text\">\n\t\tThis product has multiple variants. The options may be chosen on the product page\t<\/span>\n<\/li>\n<li class=\"product type-product post-14459 status-publish last instock product_cat-wandbilder-gold product_cat-allgemein product_cat-engel-in-gold product_cat-geschenke-frauen product_cat-geschenke-fuer-maenner product_cat-geschenke-nach-anlass product_cat-handgemacht product_cat-hochzeitsgeschenke product_cat-limitierte-auflage product_cat-buetten-gold product_cat-wandbilder-medium product_cat-weihnachtsgeschenke product_tag-edel product_tag-geschenke-fuer-frauen product_tag-geschenke-fuer-maenner product_tag-goldauflage product_tag-handgefertigt product_tag-wandbild product_tag-weihnachtsgeschenke has-post-thumbnail featured shipping-taxable purchasable product-type-variable\">\n\t<a href=\"https:\/\/www.wonnereich.com\/en\/product\/chor-der-engel-modernes-engelsbild\/\" class=\"woocommerce-LoopProduct-link woocommerce-loop-product__link\"><img decoding=\"async\" width=\"324\" height=\"324\" src=\"https:\/\/www.wonnereich.com\/wp-content\/uploads\/2024\/12\/Moderne_Engel_gold_minimalistisch_GO-3001-2128-2_b-324x324.jpg\" class=\"attachment-woocommerce_thumbnail size-woocommerce_thumbnail no-lazyload\" alt=\"Moderne Engel Bild mit echtem Gold minimalistisch, skandi Stil\" srcset=\"https:\/\/www.wonnereich.com\/wp-content\/uploads\/2024\/12\/Moderne_Engel_gold_minimalistisch_GO-3001-2128-2_b-324x324.jpg 324w, https:\/\/www.wonnereich.com\/wp-content\/uploads\/2024\/12\/Moderne_Engel_gold_minimalistisch_GO-3001-2128-2_b-150x150.jpg 150w, https:\/\/www.wonnereich.com\/wp-content\/uploads\/2024\/12\/Moderne_Engel_gold_minimalistisch_GO-3001-2128-2_b-100x100.jpg 100w\" sizes=\"(max-width: 324px) 100vw, 324px\" \/><h2 class=\"woocommerce-loop-product__title\">Choir of Angels<\/h2>\n\t<span class=\"price\"><span class=\"woocommerce-Price-amount amount\" aria-hidden=\"true\"><bdi><span class=\"woocommerce-Price-currencySymbol\">&euro;<\/span>&nbsp;440,00<\/bdi><\/span> <span aria-hidden=\"true\">&ndash;<\/span> <span class=\"woocommerce-Price-amount amount\" aria-hidden=\"true\"><bdi><span class=\"woocommerce-Price-currencySymbol\">&euro;<\/span>&nbsp;820,00<\/bdi><\/span><span class=\"screen-reader-text\" data-no-translation=\"\" data-trp-gettext=\"\">Price range: &euro;&nbsp;440,00 through &euro;&nbsp;820,00<\/span><\/span>\n<\/a><a href=\"https:\/\/www.wonnereich.com\/en\/product\/chor-der-engel-modernes-engelsbild\/\" aria-describedby=\"woocommerce_loop_add_to_cart_link_describedby_14459\" data-quantity=\"1\" class=\"button product_type_variable add_to_cart_button\" data-product_id=\"14459\" data-product_sku=\"GORL-3001-I-VI\" aria-label=\"Select options for \u201cChor der Engel\u201d\" rel=\"nofollow\" data-no-translation=\"\" data-trp-gettext=\"\" data-no-translation-aria-label=\"\">Select options<\/a>\t<span id=\"woocommerce_loop_add_to_cart_link_describedby_14459\" class=\"screen-reader-text\">\n\t\tThis product has multiple variants. The options may be chosen on the product page\t<\/span>\n<\/li>\n<\/ul>\n<\/div>","protected":false},"excerpt":{"rendered":"<p>Bezahlbare Kunst hier online kaufen! Moderne Bilder setzen tolle Akzente Ein gut ausgew\u00e4hltes Bild in einen zeitgem\u00e4\u00dfen Stil gemalt kann einem Raum v\u00f6llig neue Perspektiven geben. Es kann aus einer langweiligen Ecke einen aufregenden Blickfang machen, kann Ruhe zaubern, wo viele Utensilien um den Platz an vorderster Front der Aufmerksamkeit k\u00e4mpfen. Schlie\u00dflich kann ein ungew\u00f6hnliches [&hellip;]<\/p>","protected":false},"author":1,"featured_media":0,"parent":0,"menu_order":0,"comment_status":"closed","ping_status":"closed","template":"","meta":{"footnotes":""},"class_list":["post-10883","page","type-page","status-publish","hentry"],"yoast_head":"<!-- This site is optimized with the Yoast SEO plugin v26.9 - https:\/\/yoast.com\/product\/yoast-seo-wordpress\/ -->\n<title>Bezahlbare Kunst online kaufen &#8226; ATELIER WONNEREICH<\/title>\n<meta name=\"description\" content=\"Bezahlbare Kunst online kaufen. Aus hochwertigsten Materialien wie echtem Gold und B\u00fcttenpapier. Abstrakte Bilder aus \u00d6sterreich, handgemachte Unikate.\" \/>\n<meta name=\"robots\" content=\"index, follow, max-snippet:-1, max-image-preview:large, max-video-preview:-1\" \/>\n<link rel=\"canonical\" href=\"https:\/\/www.wonnereich.com\/en\/bezahlbare-kunst-online-kaufen\/\" \/>\n<meta property=\"og:locale\" content=\"en_GB\" \/>\n<meta property=\"og:type\" content=\"article\" \/>\n<meta property=\"og:title\" content=\"Bezahlbare Kunst online kaufen &#8226; ATELIER WONNEREICH\" \/>\n<meta property=\"og:description\" content=\"Bezahlbare Kunst online kaufen. Aus hochwertigsten Materialien wie echtem Gold und B\u00fcttenpapier. Abstrakte Bilder aus \u00d6sterreich, handgemachte Unikate.\" \/>\n<meta property=\"og:url\" content=\"https:\/\/www.wonnereich.com\/en\/bezahlbare-kunst-online-kaufen\/\" \/>\n<meta property=\"og:site_name\" content=\"ATELIER WONNEREICH\" \/>\n<meta property=\"article:modified_time\" content=\"2021-06-09T15:31:56+00:00\" \/>\n<meta property=\"og:image\" content=\"https:\/\/www.wonnereich.com\/wp-content\/uploads\/2020\/05\/bezahlbare_kunst_online_kaufen-1024x683.jpg\" \/>\n<meta name=\"twitter:card\" content=\"summary_large_image\" \/>\n<meta name=\"twitter:label1\" content=\"Estimated reading time\" \/>\n\t<meta name=\"twitter:data1\" content=\"2 minutes\" \/>\n<script type=\"application\/ld+json\" class=\"yoast-schema-graph\">{\"@context\":\"https:\/\/schema.org\",\"@graph\":[{\"@type\":\"WebPage\",\"@id\":\"https:\/\/www.wonnereich.com\/bezahlbare-kunst-online-kaufen\/\",\"url\":\"https:\/\/www.wonnereich.com\/bezahlbare-kunst-online-kaufen\/\",\"name\":\"Bezahlbare Kunst online kaufen &#8226; ATELIER WONNEREICH\",\"isPartOf\":{\"@id\":\"https:\/\/www.wonnereich.com\/#website\"},\"primaryImageOfPage\":{\"@id\":\"https:\/\/www.wonnereich.com\/bezahlbare-kunst-online-kaufen\/#primaryimage\"},\"image\":{\"@id\":\"https:\/\/www.wonnereich.com\/bezahlbare-kunst-online-kaufen\/#primaryimage\"},\"thumbnailUrl\":\"https:\/\/www.wonnereich.com\/wp-content\/uploads\/2020\/05\/bezahlbare_kunst_online_kaufen-1024x683.jpg\",\"datePublished\":\"2020-01-24T10:27:06+00:00\",\"dateModified\":\"2021-06-09T15:31:56+00:00\",\"description\":\"Bezahlbare Kunst online kaufen. Aus hochwertigsten Materialien wie echtem Gold und B\u00fcttenpapier. Abstrakte Bilder aus \u00d6sterreich, handgemachte Unikate.\",\"breadcrumb\":{\"@id\":\"https:\/\/www.wonnereich.com\/bezahlbare-kunst-online-kaufen\/#breadcrumb\"},\"inLanguage\":\"en-GB\",\"potentialAction\":[{\"@type\":\"ReadAction\",\"target\":[\"https:\/\/www.wonnereich.com\/bezahlbare-kunst-online-kaufen\/\"]}]},{\"@type\":\"ImageObject\",\"inLanguage\":\"en-GB\",\"@id\":\"https:\/\/www.wonnereich.com\/bezahlbare-kunst-online-kaufen\/#primaryimage\",\"url\":\"https:\/\/www.wonnereich.com\/wp-content\/uploads\/2020\/05\/bezahlbare_kunst_online_kaufen-1024x683.jpg\",\"contentUrl\":\"https:\/\/www.wonnereich.com\/wp-content\/uploads\/2020\/05\/bezahlbare_kunst_online_kaufen-1024x683.jpg\"},{\"@type\":\"BreadcrumbList\",\"@id\":\"https:\/\/www.wonnereich.com\/bezahlbare-kunst-online-kaufen\/#breadcrumb\",\"itemListElement\":[{\"@type\":\"ListItem\",\"position\":1,\"name\":\"Home\",\"item\":\"https:\/\/www.wonnereich.com\/\"},{\"@type\":\"ListItem\",\"position\":2,\"name\":\"Handwerk &#038; Design\"}]},{\"@type\":\"WebSite\",\"@id\":\"https:\/\/www.wonnereich.com\/#website\",\"url\":\"https:\/\/www.wonnereich.com\/\",\"name\":\"ATELIER WONNEREICH\",\"description\":\"Handwerk+Design Moderne Wandbilder\",\"publisher\":{\"@id\":\"https:\/\/www.wonnereich.com\/#organization\"},\"potentialAction\":[{\"@type\":\"SearchAction\",\"target\":{\"@type\":\"EntryPoint\",\"urlTemplate\":\"https:\/\/www.wonnereich.com\/?s={search_term_string}\"},\"query-input\":{\"@type\":\"PropertyValueSpecification\",\"valueRequired\":true,\"valueName\":\"search_term_string\"}}],\"inLanguage\":\"en-GB\"},{\"@type\":\"Organization\",\"@id\":\"https:\/\/www.wonnereich.com\/#organization\",\"name\":\"Atelier WONNEREICH\",\"url\":\"https:\/\/www.wonnereich.com\/\",\"logo\":{\"@type\":\"ImageObject\",\"inLanguage\":\"en-GB\",\"@id\":\"https:\/\/www.wonnereich.com\/#\/schema\/logo\/image\/\",\"url\":\"https:\/\/www.wonnereich.com\/wp-content\/uploads\/2020\/05\/cropped-atelier-wonnereich-wandbilder-1024x256-1.jpg\",\"contentUrl\":\"https:\/\/www.wonnereich.com\/wp-content\/uploads\/2020\/05\/cropped-atelier-wonnereich-wandbilder-1024x256-1.jpg\",\"width\":1024,\"height\":240,\"caption\":\"Atelier WONNEREICH\"},\"image\":{\"@id\":\"https:\/\/www.wonnereich.com\/#\/schema\/logo\/image\/\"}}]}<\/script>\n<!-- \/ Yoast SEO plugin. -->","yoast_head_json":{"title":"Bezahlbare Kunst online kaufen &#8226; ATELIER WONNEREICH","description":"Bezahlbare Kunst online kaufen. Aus hochwertigsten Materialien wie echtem Gold und B\u00fcttenpapier. Abstrakte Bilder aus \u00d6sterreich, handgemachte Unikate.","robots":{"index":"index","follow":"follow","max-snippet":"max-snippet:-1","max-image-preview":"max-image-preview:large","max-video-preview":"max-video-preview:-1"},"canonical":"https:\/\/www.wonnereich.com\/en\/bezahlbare-kunst-online-kaufen\/","og_locale":"en_GB","og_type":"article","og_title":"Bezahlbare Kunst online kaufen &#8226; ATELIER WONNEREICH","og_description":"Bezahlbare Kunst online kaufen. Aus hochwertigsten Materialien wie echtem Gold und B\u00fcttenpapier. Abstrakte Bilder aus \u00d6sterreich, handgemachte Unikate.","og_url":"https:\/\/www.wonnereich.com\/en\/bezahlbare-kunst-online-kaufen\/","og_site_name":"ATELIER WONNEREICH","article_modified_time":"2021-06-09T15:31:56+00:00","og_image":[{"url":"https:\/\/www.wonnereich.com\/wp-content\/uploads\/2020\/05\/bezahlbare_kunst_online_kaufen-1024x683.jpg","type":"","width":"","height":""}],"twitter_card":"summary_large_image","twitter_misc":{"Estimated reading time":"2 minutes"},"schema":{"@context":"https:\/\/schema.org","@graph":[{"@type":"WebPage","@id":"https:\/\/www.wonnereich.com\/bezahlbare-kunst-online-kaufen\/","url":"https:\/\/www.wonnereich.com\/bezahlbare-kunst-online-kaufen\/","name":"Bezahlbare Kunst online kaufen &#8226; ATELIER WONNEREICH","isPartOf":{"@id":"https:\/\/www.wonnereich.com\/#website"},"primaryImageOfPage":{"@id":"https:\/\/www.wonnereich.com\/bezahlbare-kunst-online-kaufen\/#primaryimage"},"image":{"@id":"https:\/\/www.wonnereich.com\/bezahlbare-kunst-online-kaufen\/#primaryimage"},"thumbnailUrl":"https:\/\/www.wonnereich.com\/wp-content\/uploads\/2020\/05\/bezahlbare_kunst_online_kaufen-1024x683.jpg","datePublished":"2020-01-24T10:27:06+00:00","dateModified":"2021-06-09T15:31:56+00:00","description":"Bezahlbare Kunst online kaufen. Aus hochwertigsten Materialien wie echtem Gold und B\u00fcttenpapier. Abstrakte Bilder aus \u00d6sterreich, handgemachte Unikate.","breadcrumb":{"@id":"https:\/\/www.wonnereich.com\/bezahlbare-kunst-online-kaufen\/#breadcrumb"},"inLanguage":"en-GB","potentialAction":[{"@type":"ReadAction","target":["https:\/\/www.wonnereich.com\/bezahlbare-kunst-online-kaufen\/"]}]},{"@type":"ImageObject","inLanguage":"en-GB","@id":"https:\/\/www.wonnereich.com\/bezahlbare-kunst-online-kaufen\/#primaryimage","url":"https:\/\/www.wonnereich.com\/wp-content\/uploads\/2020\/05\/bezahlbare_kunst_online_kaufen-1024x683.jpg","contentUrl":"https:\/\/www.wonnereich.com\/wp-content\/uploads\/2020\/05\/bezahlbare_kunst_online_kaufen-1024x683.jpg"},{"@type":"BreadcrumbList","@id":"https:\/\/www.wonnereich.com\/bezahlbare-kunst-online-kaufen\/#breadcrumb","itemListElement":[{"@type":"ListItem","position":1,"name":"Home","item":"https:\/\/www.wonnereich.com\/"},{"@type":"ListItem","position":2,"name":"Handwerk &#038; Design"}]},{"@type":"WebSite","@id":"https:\/\/www.wonnereich.com\/#website","url":"https:\/\/www.wonnereich.com\/","name":"ATELIER WONNEREICH","description":"Handwerk+Design Moderne Wandbilder","publisher":{"@id":"https:\/\/www.wonnereich.com\/#organization"},"potentialAction":[{"@type":"SearchAction","target":{"@type":"EntryPoint","urlTemplate":"https:\/\/www.wonnereich.com\/?s={search_term_string}"},"query-input":{"@type":"PropertyValueSpecification","valueRequired":true,"valueName":"search_term_string"}}],"inLanguage":"en-GB"},{"@type":"Organization","@id":"https:\/\/www.wonnereich.com\/#organization","name":"Atelier WONNEREICH","url":"https:\/\/www.wonnereich.com\/","logo":{"@type":"ImageObject","inLanguage":"en-GB","@id":"https:\/\/www.wonnereich.com\/#\/schema\/logo\/image\/","url":"https:\/\/www.wonnereich.com\/wp-content\/uploads\/2020\/05\/cropped-atelier-wonnereich-wandbilder-1024x256-1.jpg","contentUrl":"https:\/\/www.wonnereich.com\/wp-content\/uploads\/2020\/05\/cropped-atelier-wonnereich-wandbilder-1024x256-1.jpg","width":1024,"height":240,"caption":"Atelier WONNEREICH"},"image":{"@id":"https:\/\/www.wonnereich.com\/#\/schema\/logo\/image\/"}}]}},"_links":{"self":[{"href":"https:\/\/www.wonnereich.com\/en\/wp-json\/wp\/v2\/pages\/10883","targetHints":{"allow":["GET"]}}],"collection":[{"href":"https:\/\/www.wonnereich.com\/en\/wp-json\/wp\/v2\/pages"}],"about":[{"href":"https:\/\/www.wonnereich.com\/en\/wp-json\/wp\/v2\/types\/page"}],"author":[{"embeddable":true,"href":"https:\/\/www.wonnereich.com\/en\/wp-json\/wp\/v2\/users\/1"}],"replies":[{"embeddable":true,"href":"https:\/\/www.wonnereich.com\/en\/wp-json\/wp\/v2\/comments?post=10883"}],"version-history":[{"count":2,"href":"https:\/\/www.wonnereich.com\/en\/wp-json\/wp\/v2\/pages\/10883\/revisions"}],"predecessor-version":[{"id":13810,"href":"https:\/\/www.wonnereich.com\/en\/wp-json\/wp\/v2\/pages\/10883\/revisions\/13810"}],"wp:attachment":[{"href":"https:\/\/www.wonnereich.com\/en\/wp-json\/wp\/v2\/media?parent=10883"}],"curies":[{"name":"wp","href":"https:\/\/api.w.org\/{rel}","templated":true}]}}