{"id":14,"date":"2016-03-23T17:31:26","date_gmt":"2016-03-23T16:31:26","guid":{"rendered":"http:\/\/www.wonnereich.com\/versandarten\/"},"modified":"2021-12-07T19:33:17","modified_gmt":"2021-12-07T18:33:17","slug":"versandarten","status":"publish","type":"page","link":"https:\/\/www.wonnereich.com\/en\/wonnereich-geschenke-shop\/versandarten\/","title":{"rendered":"Shipping"},"content":{"rendered":"<p>Die Versandkosten f\u00fcr Ihre Region sind im Warenkorb ersichtlich. Standardm\u00e4\u00dfig berechnet das System die Versandkosten nach Lieferadresse.<\/p>\n<p class=\"translation-block\">F\u00fcr Kunden mit <strong>Rechnungsadresse<\/strong> (nicht Lieferadresse) <strong>au\u00dferhalb des \u20ac \u2013 W\u00e4hrungsraums<\/strong> f\u00e4llt eine zus\u00e4tzliche Bankgeb\u00fchr pro Bestellung (nicht pro Artikel) von \u20ac 10.- an und wird auf der Rechnung ausgewiesen. Bei Bezahlung \u00fcber PayPal entf\u00e4llt diese Geb\u00fchr. Die hier online im Warenkorb ausgewiesene Summe enth\u00e4lt diese Geb\u00fchr noch nicht. Wenn Sie also zum Beispiel ein Paket nach \u00d6sterreich liefern lassen, aber das Geld aus der Schweiz \u00fcberweisen, kann der Warenkorb die Bankgeb\u00fchr derzeit noch nicht ber\u00fccksichtigen, und Ihre Rechnung wird um \u20ac 10.- h\u00f6her sein, als angegeben. Wenn Sie hingegen aus \u00d6sterreich \u00fcberweisen, und das Paket in die Schweiz senden lassen, entf\u00e4llt diese Geb\u00fchr. Ich empfehle daher, im Fall einer Bezahlung von au\u00dferhalb der \u20ac-Zone, PayPal in Erw\u00e4gung zu ziehen.<\/p>\n<p class=\"translation-block\">Der<strong> Versand<\/strong> erfolgt in der Regel direkt von Atelier WONNEREICH (Wien, \u00d6stereich), in manchen F\u00e4llen von einer Druckerei an die von Ihnen beim Check-Out angegebene Lieferadresse. Falls keine gesonderte Lieferadresse angegeben wird, wird an die Rechnungsadresse versendet. Wir liefern in viele europ\u00e4ische L\u00e4nder. Sollten Sie den Versand in ein hier nicht gelistetes Land w\u00fcnschen, fragen Sie bitte per eMail vorab nach diesen M\u00f6glichkeiten und den Versandkosten f\u00fcr Ihr Produkt.<\/p>\n<p>Es liegt dem Paket keine Rechnung bei, diese erhalten Sie per eMail von Wonnereich. Geschenkverpackungen sowie pers\u00f6nliche Gr\u00fc\u00dfe im Paket sind leider derzeit nicht m\u00f6glich. Es k\u00f6nnen unterschiedliche Firmen mit dem Versand beauftragt werden. Die Lieferzeiten f\u00fcr Druckereiprodukte betragen in der Regel 16 Werktage, gerechnet ab Druckfreigabebest\u00e4tigung.<\/p>\n<p>Bei Downloads entfallen die Versandkosten. Die Lieferzeit betr\u00e4gt in der Regel 3 Werktage, gerechnet ab Zahlungseingang.<\/p>","protected":false},"excerpt":{"rendered":"<p>Die Versandkosten f\u00fcr Ihre Region sind im Warenkorb ersichtlich. Standardm\u00e4\u00dfig berechnet das System die Versandkosten nach Lieferadresse. F\u00fcr Kunden mit Rechnungsadresse (nicht Lieferadresse) au\u00dferhalb des \u20ac &#8211; W\u00e4hrungsraums f\u00e4llt eine zus\u00e4tzliche Bankgeb\u00fchr pro Bestellung (nicht pro Artikel) von \u20ac 10.- an und wird auf der Rechnung ausgewiesen. Bei Bezahlung \u00fcber PayPal entf\u00e4llt diese Geb\u00fchr. Die [&hellip;]<\/p>","protected":false},"author":1,"featured_media":0,"parent":4,"menu_order":0,"comment_status":"closed","ping_status":"closed","template":"","meta":{"footnotes":""},"class_list":["post-14","page","type-page","status-publish","hentry"],"yoast_head":"<!-- This site is optimized with the Yoast SEO plugin v26.9 - https:\/\/yoast.com\/product\/yoast-seo-wordpress\/ -->\n<title>Versandarten, Lieferzeiten &#8226; ATELIER WONNEREICH<\/title>\n<meta name=\"description\" content=\"Wonnereich Kunstwerke Bilder und Grafiken Versand- und Lieferbedingungen, Lieferzeiten und weitere Hinweise.\" \/>\n<meta name=\"robots\" content=\"index, follow, max-snippet:-1, max-image-preview:large, max-video-preview:-1\" \/>\n<link rel=\"canonical\" href=\"https:\/\/www.wonnereich.com\/en\/wonnereich-geschenke-shop\/versandarten\/\" \/>\n<meta property=\"og:locale\" content=\"en_GB\" \/>\n<meta property=\"og:type\" content=\"article\" \/>\n<meta property=\"og:title\" content=\"Versandarten, Lieferzeiten &#8226; ATELIER WONNEREICH\" \/>\n<meta property=\"og:description\" content=\"Wonnereich Kunstwerke Bilder und Grafiken Versand- und Lieferbedingungen, Lieferzeiten und weitere Hinweise.\" \/>\n<meta property=\"og:url\" content=\"https:\/\/www.wonnereich.com\/en\/wonnereich-geschenke-shop\/versandarten\/\" \/>\n<meta property=\"og:site_name\" content=\"ATELIER WONNEREICH\" \/>\n<meta property=\"article:modified_time\" content=\"2021-12-07T18:33:17+00:00\" \/>\n<meta name=\"twitter:card\" content=\"summary_large_image\" \/>\n<meta name=\"twitter:label1\" content=\"Estimated reading time\" \/>\n\t<meta name=\"twitter:data1\" content=\"2 minutes\" \/>\n<script type=\"application\/ld+json\" class=\"yoast-schema-graph\">{\"@context\":\"https:\/\/schema.org\",\"@graph\":[{\"@type\":\"WebPage\",\"@id\":\"https:\/\/www.wonnereich.com\/wonnereich-geschenke-shop\/versandarten\/\",\"url\":\"https:\/\/www.wonnereich.com\/wonnereich-geschenke-shop\/versandarten\/\",\"name\":\"Versandarten, Lieferzeiten &#8226; ATELIER WONNEREICH\",\"isPartOf\":{\"@id\":\"https:\/\/www.wonnereich.com\/#website\"},\"datePublished\":\"2016-03-23T16:31:26+00:00\",\"dateModified\":\"2021-12-07T18:33:17+00:00\",\"description\":\"Wonnereich Kunstwerke Bilder und Grafiken Versand- und Lieferbedingungen, Lieferzeiten und weitere Hinweise.\",\"breadcrumb\":{\"@id\":\"https:\/\/www.wonnereich.com\/wonnereich-geschenke-shop\/versandarten\/#breadcrumb\"},\"inLanguage\":\"en-GB\",\"potentialAction\":[{\"@type\":\"ReadAction\",\"target\":[\"https:\/\/www.wonnereich.com\/wonnereich-geschenke-shop\/versandarten\/\"]}]},{\"@type\":\"BreadcrumbList\",\"@id\":\"https:\/\/www.wonnereich.com\/wonnereich-geschenke-shop\/versandarten\/#breadcrumb\",\"itemListElement\":[{\"@type\":\"ListItem\",\"position\":1,\"name\":\"Home\",\"item\":\"https:\/\/www.wonnereich.com\/\"},{\"@type\":\"ListItem\",\"position\":2,\"name\":\"Besondere Geschenke online kaufen\",\"item\":\"https:\/\/www.wonnereich.com\/wonnereich-geschenke-shop\/\"},{\"@type\":\"ListItem\",\"position\":3,\"name\":\"Versandarten, Lieferzeiten\"}]},{\"@type\":\"WebSite\",\"@id\":\"https:\/\/www.wonnereich.com\/#website\",\"url\":\"https:\/\/www.wonnereich.com\/\",\"name\":\"ATELIER WONNEREICH\",\"description\":\"Handwerk+Design Moderne Wandbilder\",\"publisher\":{\"@id\":\"https:\/\/www.wonnereich.com\/#organization\"},\"potentialAction\":[{\"@type\":\"SearchAction\",\"target\":{\"@type\":\"EntryPoint\",\"urlTemplate\":\"https:\/\/www.wonnereich.com\/?s={search_term_string}\"},\"query-input\":{\"@type\":\"PropertyValueSpecification\",\"valueRequired\":true,\"valueName\":\"search_term_string\"}}],\"inLanguage\":\"en-GB\"},{\"@type\":\"Organization\",\"@id\":\"https:\/\/www.wonnereich.com\/#organization\",\"name\":\"Atelier WONNEREICH\",\"url\":\"https:\/\/www.wonnereich.com\/\",\"logo\":{\"@type\":\"ImageObject\",\"inLanguage\":\"en-GB\",\"@id\":\"https:\/\/www.wonnereich.com\/#\/schema\/logo\/image\/\",\"url\":\"https:\/\/www.wonnereich.com\/wp-content\/uploads\/2020\/05\/cropped-atelier-wonnereich-wandbilder-1024x256-1.jpg\",\"contentUrl\":\"https:\/\/www.wonnereich.com\/wp-content\/uploads\/2020\/05\/cropped-atelier-wonnereich-wandbilder-1024x256-1.jpg\",\"width\":1024,\"height\":240,\"caption\":\"Atelier WONNEREICH\"},\"image\":{\"@id\":\"https:\/\/www.wonnereich.com\/#\/schema\/logo\/image\/\"}}]}<\/script>\n<!-- \/ Yoast SEO plugin. -->","yoast_head_json":{"title":"Versandarten, Lieferzeiten &#8226; ATELIER WONNEREICH","description":"Wonnereich Kunstwerke Bilder und Grafiken Versand- und Lieferbedingungen, Lieferzeiten und weitere Hinweise.","robots":{"index":"index","follow":"follow","max-snippet":"max-snippet:-1","max-image-preview":"max-image-preview:large","max-video-preview":"max-video-preview:-1"},"canonical":"https:\/\/www.wonnereich.com\/en\/wonnereich-geschenke-shop\/versandarten\/","og_locale":"en_GB","og_type":"article","og_title":"Versandarten, Lieferzeiten &#8226; ATELIER WONNEREICH","og_description":"Wonnereich Kunstwerke Bilder und Grafiken Versand- und Lieferbedingungen, Lieferzeiten und weitere Hinweise.","og_url":"https:\/\/www.wonnereich.com\/en\/wonnereich-geschenke-shop\/versandarten\/","og_site_name":"ATELIER WONNEREICH","article_modified_time":"2021-12-07T18:33:17+00:00","twitter_card":"summary_large_image","twitter_misc":{"Estimated reading time":"2 minutes"},"schema":{"@context":"https:\/\/schema.org","@graph":[{"@type":"WebPage","@id":"https:\/\/www.wonnereich.com\/wonnereich-geschenke-shop\/versandarten\/","url":"https:\/\/www.wonnereich.com\/wonnereich-geschenke-shop\/versandarten\/","name":"Versandarten, Lieferzeiten &#8226; ATELIER WONNEREICH","isPartOf":{"@id":"https:\/\/www.wonnereich.com\/#website"},"datePublished":"2016-03-23T16:31:26+00:00","dateModified":"2021-12-07T18:33:17+00:00","description":"Wonnereich Kunstwerke Bilder und Grafiken Versand- und Lieferbedingungen, Lieferzeiten und weitere Hinweise.","breadcrumb":{"@id":"https:\/\/www.wonnereich.com\/wonnereich-geschenke-shop\/versandarten\/#breadcrumb"},"inLanguage":"en-GB","potentialAction":[{"@type":"ReadAction","target":["https:\/\/www.wonnereich.com\/wonnereich-geschenke-shop\/versandarten\/"]}]},{"@type":"BreadcrumbList","@id":"https:\/\/www.wonnereich.com\/wonnereich-geschenke-shop\/versandarten\/#breadcrumb","itemListElement":[{"@type":"ListItem","position":1,"name":"Home","item":"https:\/\/www.wonnereich.com\/"},{"@type":"ListItem","position":2,"name":"Besondere Geschenke online kaufen","item":"https:\/\/www.wonnereich.com\/wonnereich-geschenke-shop\/"},{"@type":"ListItem","position":3,"name":"Versandarten, Lieferzeiten"}]},{"@type":"WebSite","@id":"https:\/\/www.wonnereich.com\/#website","url":"https:\/\/www.wonnereich.com\/","name":"ATELIER WONNEREICH","description":"Handwerk+Design Moderne Wandbilder","publisher":{"@id":"https:\/\/www.wonnereich.com\/#organization"},"potentialAction":[{"@type":"SearchAction","target":{"@type":"EntryPoint","urlTemplate":"https:\/\/www.wonnereich.com\/?s={search_term_string}"},"query-input":{"@type":"PropertyValueSpecification","valueRequired":true,"valueName":"search_term_string"}}],"inLanguage":"en-GB"},{"@type":"Organization","@id":"https:\/\/www.wonnereich.com\/#organization","name":"Atelier WONNEREICH","url":"https:\/\/www.wonnereich.com\/","logo":{"@type":"ImageObject","inLanguage":"en-GB","@id":"https:\/\/www.wonnereich.com\/#\/schema\/logo\/image\/","url":"https:\/\/www.wonnereich.com\/wp-content\/uploads\/2020\/05\/cropped-atelier-wonnereich-wandbilder-1024x256-1.jpg","contentUrl":"https:\/\/www.wonnereich.com\/wp-content\/uploads\/2020\/05\/cropped-atelier-wonnereich-wandbilder-1024x256-1.jpg","width":1024,"height":240,"caption":"Atelier WONNEREICH"},"image":{"@id":"https:\/\/www.wonnereich.com\/#\/schema\/logo\/image\/"}}]}},"_links":{"self":[{"href":"https:\/\/www.wonnereich.com\/en\/wp-json\/wp\/v2\/pages\/14","targetHints":{"allow":["GET"]}}],"collection":[{"href":"https:\/\/www.wonnereich.com\/en\/wp-json\/wp\/v2\/pages"}],"about":[{"href":"https:\/\/www.wonnereich.com\/en\/wp-json\/wp\/v2\/types\/page"}],"author":[{"embeddable":true,"href":"https:\/\/www.wonnereich.com\/en\/wp-json\/wp\/v2\/users\/1"}],"replies":[{"embeddable":true,"href":"https:\/\/www.wonnereich.com\/en\/wp-json\/wp\/v2\/comments?post=14"}],"version-history":[{"count":2,"href":"https:\/\/www.wonnereich.com\/en\/wp-json\/wp\/v2\/pages\/14\/revisions"}],"predecessor-version":[{"id":13845,"href":"https:\/\/www.wonnereich.com\/en\/wp-json\/wp\/v2\/pages\/14\/revisions\/13845"}],"up":[{"embeddable":true,"href":"https:\/\/www.wonnereich.com\/en\/wp-json\/wp\/v2\/pages\/4"}],"wp:attachment":[{"href":"https:\/\/www.wonnereich.com\/en\/wp-json\/wp\/v2\/media?parent=14"}],"curies":[{"name":"wp","href":"https:\/\/api.w.org\/{rel}","templated":true}]}}