{"id":14649,"date":"2025-12-09T13:51:53","date_gmt":"2025-12-09T12:51:53","guid":{"rendered":"https:\/\/www.wonnereich.com\/?page_id=14649"},"modified":"2025-12-09T15:38:24","modified_gmt":"2025-12-09T14:38:24","slug":"galeriepartner","status":"publish","type":"page","link":"https:\/\/www.wonnereich.com\/en\/galeriepartner\/","title":{"rendered":"Gallery Partners"},"content":{"rendered":"<p class=\"translation-block\"><strong>International gallery partners<\/strong><br>Ulrike Rainer and her Atelier Wonnereich for modern Christian art are represented on two of the world's most respected platforms for contemporary art:<\/p>\n\n\n\n<ul class=\"wp-block-list\">\n<li><strong>Saatchi Art<\/strong>, Los Angeles \u2013 eine der bedeutendsten Online-Galerien f\u00fcr internationale Sammler <a href=\"https:\/\/www.saatchiart.com\/ulrikerainer\">https:\/\/www.saatchiart.com\/ulrikerainer<\/a><\/li>\n\n\n\n<li><strong>Artmajeur<\/strong>, Frankreich \u2013 eine kuratierte Plattform f\u00fcr moderne Kunst aus ganz Europa <a href=\"https:\/\/www.artmajeur.com\/ulrike-rainer-atelier-wonnereich\">https:\/\/www.artmajeur.com\/ulrike-rainer-atelier-wonnereich<\/a><\/li>\n<\/ul>\n\n\n\n<p>Some works are exclusively available there. You can find these works via the respective gallery links.<\/p>\n\n\n\n<figure class=\"wp-block-image size-full\"><img decoding=\"async\" width=\"1024\" height=\"1024\" src=\"https:\/\/www.wonnereich.com\/wp-content\/uploads\/2025\/12\/erzengel-2.jpg\" alt=\"\" class=\"wp-image-14650 no-lazyload\" srcset=\"https:\/\/www.wonnereich.com\/wp-content\/uploads\/2025\/12\/erzengel-2.jpg 1024w, https:\/\/www.wonnereich.com\/wp-content\/uploads\/2025\/12\/erzengel-2-300x300.jpg 300w, https:\/\/www.wonnereich.com\/wp-content\/uploads\/2025\/12\/erzengel-2-150x150.jpg 150w, https:\/\/www.wonnereich.com\/wp-content\/uploads\/2025\/12\/erzengel-2-768x768.jpg 768w, https:\/\/www.wonnereich.com\/wp-content\/uploads\/2025\/12\/erzengel-2-12x12.jpg 12w, https:\/\/www.wonnereich.com\/wp-content\/uploads\/2025\/12\/erzengel-2-324x324.jpg 324w, https:\/\/www.wonnereich.com\/wp-content\/uploads\/2025\/12\/erzengel-2-416x416.jpg 416w, https:\/\/www.wonnereich.com\/wp-content\/uploads\/2025\/12\/erzengel-2-100x100.jpg 100w\" sizes=\"(max-width: 1024px) 100vw, 1024px\" \/><\/figure>\n\n\n\n<p><\/p>","protected":false},"excerpt":{"rendered":"<p>Internationale GaleriepartnerUlrike Rainer wird mit ihrem Atelier Wonnereich f\u00fcr moderne christliche Kunst auf zwei der weltweit angesehensten Plattformen f\u00fcr zeitgen\u00f6ssische Kunst vertreten: Einige Arbeiten sind exklusiv nur dort erh\u00e4ltlich. Sie finden diese Werke \u00fcber die jeweiligen Galerielinks.<\/p>","protected":false},"author":1,"featured_media":0,"parent":0,"menu_order":0,"comment_status":"closed","ping_status":"closed","template":"","meta":{"footnotes":""},"class_list":["post-14649","page","type-page","status-publish","hentry"],"yoast_head":"<!-- This site is optimized with the Yoast SEO plugin v26.9 - https:\/\/yoast.com\/product\/yoast-seo-wordpress\/ -->\n<title>Galeriepartner &#8226; ATELIER WONNEREICH<\/title>\n<meta name=\"description\" content=\"Ulrike Rainer pr\u00e4sentiert ausgew\u00e4hlte Gold- und Tintenarbeiten exklusiv auf Saatchi Art und Artmajeur \u2013 zwei f\u00fchrenden Plattformen f\u00fcr zeitgen\u00f6ssische Kunst.\" \/>\n<meta name=\"robots\" content=\"index, follow, max-snippet:-1, max-image-preview:large, max-video-preview:-1\" \/>\n<link rel=\"canonical\" href=\"https:\/\/www.wonnereich.com\/en\/galeriepartner\/\" \/>\n<meta property=\"og:locale\" content=\"en_GB\" \/>\n<meta property=\"og:type\" content=\"article\" \/>\n<meta property=\"og:title\" content=\"Galeriepartner &#8226; ATELIER WONNEREICH\" \/>\n<meta property=\"og:description\" content=\"Ulrike Rainer pr\u00e4sentiert ausgew\u00e4hlte Gold- und Tintenarbeiten exklusiv auf Saatchi Art und Artmajeur \u2013 zwei f\u00fchrenden Plattformen f\u00fcr zeitgen\u00f6ssische Kunst.\" \/>\n<meta property=\"og:url\" content=\"https:\/\/www.wonnereich.com\/en\/galeriepartner\/\" \/>\n<meta property=\"og:site_name\" content=\"ATELIER WONNEREICH\" \/>\n<meta property=\"article:modified_time\" content=\"2025-12-09T14:38:24+00:00\" \/>\n<meta property=\"og:image\" content=\"https:\/\/www.wonnereich.com\/wp-content\/uploads\/2025\/12\/erzengel-2.jpg\" \/>\n\t<meta property=\"og:image:width\" content=\"1024\" \/>\n\t<meta property=\"og:image:height\" content=\"1024\" \/>\n\t<meta property=\"og:image:type\" content=\"image\/jpeg\" \/>\n<meta name=\"twitter:card\" content=\"summary_large_image\" \/>\n<meta name=\"twitter:label1\" content=\"Estimated reading time\" \/>\n\t<meta name=\"twitter:data1\" content=\"1 minute\" \/>\n<script type=\"application\/ld+json\" class=\"yoast-schema-graph\">{\"@context\":\"https:\/\/schema.org\",\"@graph\":[{\"@type\":\"WebPage\",\"@id\":\"https:\/\/www.wonnereich.com\/galeriepartner\/\",\"url\":\"https:\/\/www.wonnereich.com\/galeriepartner\/\",\"name\":\"Galeriepartner &#8226; ATELIER WONNEREICH\",\"isPartOf\":{\"@id\":\"https:\/\/www.wonnereich.com\/#website\"},\"primaryImageOfPage\":{\"@id\":\"https:\/\/www.wonnereich.com\/galeriepartner\/#primaryimage\"},\"image\":{\"@id\":\"https:\/\/www.wonnereich.com\/galeriepartner\/#primaryimage\"},\"thumbnailUrl\":\"https:\/\/www.wonnereich.com\/wp-content\/uploads\/2025\/12\/erzengel-2.jpg\",\"datePublished\":\"2025-12-09T12:51:53+00:00\",\"dateModified\":\"2025-12-09T14:38:24+00:00\",\"description\":\"Ulrike Rainer pr\u00e4sentiert ausgew\u00e4hlte Gold- und Tintenarbeiten exklusiv auf Saatchi Art und Artmajeur \u2013 zwei f\u00fchrenden Plattformen f\u00fcr zeitgen\u00f6ssische Kunst.\",\"breadcrumb\":{\"@id\":\"https:\/\/www.wonnereich.com\/galeriepartner\/#breadcrumb\"},\"inLanguage\":\"en-GB\",\"potentialAction\":[{\"@type\":\"ReadAction\",\"target\":[\"https:\/\/www.wonnereich.com\/galeriepartner\/\"]}]},{\"@type\":\"ImageObject\",\"inLanguage\":\"en-GB\",\"@id\":\"https:\/\/www.wonnereich.com\/galeriepartner\/#primaryimage\",\"url\":\"https:\/\/www.wonnereich.com\/wp-content\/uploads\/2025\/12\/erzengel-2.jpg\",\"contentUrl\":\"https:\/\/www.wonnereich.com\/wp-content\/uploads\/2025\/12\/erzengel-2.jpg\"},{\"@type\":\"BreadcrumbList\",\"@id\":\"https:\/\/www.wonnereich.com\/galeriepartner\/#breadcrumb\",\"itemListElement\":[{\"@type\":\"ListItem\",\"position\":1,\"name\":\"Home\",\"item\":\"https:\/\/www.wonnereich.com\/\"},{\"@type\":\"ListItem\",\"position\":2,\"name\":\"Galeriepartner\"}]},{\"@type\":\"WebSite\",\"@id\":\"https:\/\/www.wonnereich.com\/#website\",\"url\":\"https:\/\/www.wonnereich.com\/\",\"name\":\"ATELIER WONNEREICH\",\"description\":\"Handwerk+Design Moderne Wandbilder\",\"publisher\":{\"@id\":\"https:\/\/www.wonnereich.com\/#organization\"},\"potentialAction\":[{\"@type\":\"SearchAction\",\"target\":{\"@type\":\"EntryPoint\",\"urlTemplate\":\"https:\/\/www.wonnereich.com\/?s={search_term_string}\"},\"query-input\":{\"@type\":\"PropertyValueSpecification\",\"valueRequired\":true,\"valueName\":\"search_term_string\"}}],\"inLanguage\":\"en-GB\"},{\"@type\":\"Organization\",\"@id\":\"https:\/\/www.wonnereich.com\/#organization\",\"name\":\"Atelier WONNEREICH\",\"url\":\"https:\/\/www.wonnereich.com\/\",\"logo\":{\"@type\":\"ImageObject\",\"inLanguage\":\"en-GB\",\"@id\":\"https:\/\/www.wonnereich.com\/#\/schema\/logo\/image\/\",\"url\":\"https:\/\/www.wonnereich.com\/wp-content\/uploads\/2020\/05\/cropped-atelier-wonnereich-wandbilder-1024x256-1.jpg\",\"contentUrl\":\"https:\/\/www.wonnereich.com\/wp-content\/uploads\/2020\/05\/cropped-atelier-wonnereich-wandbilder-1024x256-1.jpg\",\"width\":1024,\"height\":240,\"caption\":\"Atelier WONNEREICH\"},\"image\":{\"@id\":\"https:\/\/www.wonnereich.com\/#\/schema\/logo\/image\/\"}}]}<\/script>\n<!-- \/ Yoast SEO plugin. -->","yoast_head_json":{"title":"Galeriepartner &#8226; ATELIER WONNEREICH","description":"Ulrike Rainer pr\u00e4sentiert ausgew\u00e4hlte Gold- und Tintenarbeiten exklusiv auf Saatchi Art und Artmajeur \u2013 zwei f\u00fchrenden Plattformen f\u00fcr zeitgen\u00f6ssische Kunst.","robots":{"index":"index","follow":"follow","max-snippet":"max-snippet:-1","max-image-preview":"max-image-preview:large","max-video-preview":"max-video-preview:-1"},"canonical":"https:\/\/www.wonnereich.com\/en\/galeriepartner\/","og_locale":"en_GB","og_type":"article","og_title":"Galeriepartner &#8226; ATELIER WONNEREICH","og_description":"Ulrike Rainer pr\u00e4sentiert ausgew\u00e4hlte Gold- und Tintenarbeiten exklusiv auf Saatchi Art und Artmajeur \u2013 zwei f\u00fchrenden Plattformen f\u00fcr zeitgen\u00f6ssische Kunst.","og_url":"https:\/\/www.wonnereich.com\/en\/galeriepartner\/","og_site_name":"ATELIER WONNEREICH","article_modified_time":"2025-12-09T14:38:24+00:00","og_image":[{"width":1024,"height":1024,"url":"https:\/\/www.wonnereich.com\/wp-content\/uploads\/2025\/12\/erzengel-2.jpg","type":"image\/jpeg"}],"twitter_card":"summary_large_image","twitter_misc":{"Estimated reading time":"1 minute"},"schema":{"@context":"https:\/\/schema.org","@graph":[{"@type":"WebPage","@id":"https:\/\/www.wonnereich.com\/galeriepartner\/","url":"https:\/\/www.wonnereich.com\/galeriepartner\/","name":"Galeriepartner &#8226; ATELIER WONNEREICH","isPartOf":{"@id":"https:\/\/www.wonnereich.com\/#website"},"primaryImageOfPage":{"@id":"https:\/\/www.wonnereich.com\/galeriepartner\/#primaryimage"},"image":{"@id":"https:\/\/www.wonnereich.com\/galeriepartner\/#primaryimage"},"thumbnailUrl":"https:\/\/www.wonnereich.com\/wp-content\/uploads\/2025\/12\/erzengel-2.jpg","datePublished":"2025-12-09T12:51:53+00:00","dateModified":"2025-12-09T14:38:24+00:00","description":"Ulrike Rainer pr\u00e4sentiert ausgew\u00e4hlte Gold- und Tintenarbeiten exklusiv auf Saatchi Art und Artmajeur \u2013 zwei f\u00fchrenden Plattformen f\u00fcr zeitgen\u00f6ssische Kunst.","breadcrumb":{"@id":"https:\/\/www.wonnereich.com\/galeriepartner\/#breadcrumb"},"inLanguage":"en-GB","potentialAction":[{"@type":"ReadAction","target":["https:\/\/www.wonnereich.com\/galeriepartner\/"]}]},{"@type":"ImageObject","inLanguage":"en-GB","@id":"https:\/\/www.wonnereich.com\/galeriepartner\/#primaryimage","url":"https:\/\/www.wonnereich.com\/wp-content\/uploads\/2025\/12\/erzengel-2.jpg","contentUrl":"https:\/\/www.wonnereich.com\/wp-content\/uploads\/2025\/12\/erzengel-2.jpg"},{"@type":"BreadcrumbList","@id":"https:\/\/www.wonnereich.com\/galeriepartner\/#breadcrumb","itemListElement":[{"@type":"ListItem","position":1,"name":"Home","item":"https:\/\/www.wonnereich.com\/"},{"@type":"ListItem","position":2,"name":"Galeriepartner"}]},{"@type":"WebSite","@id":"https:\/\/www.wonnereich.com\/#website","url":"https:\/\/www.wonnereich.com\/","name":"ATELIER WONNEREICH","description":"Handwerk+Design Moderne Wandbilder","publisher":{"@id":"https:\/\/www.wonnereich.com\/#organization"},"potentialAction":[{"@type":"SearchAction","target":{"@type":"EntryPoint","urlTemplate":"https:\/\/www.wonnereich.com\/?s={search_term_string}"},"query-input":{"@type":"PropertyValueSpecification","valueRequired":true,"valueName":"search_term_string"}}],"inLanguage":"en-GB"},{"@type":"Organization","@id":"https:\/\/www.wonnereich.com\/#organization","name":"Atelier WONNEREICH","url":"https:\/\/www.wonnereich.com\/","logo":{"@type":"ImageObject","inLanguage":"en-GB","@id":"https:\/\/www.wonnereich.com\/#\/schema\/logo\/image\/","url":"https:\/\/www.wonnereich.com\/wp-content\/uploads\/2020\/05\/cropped-atelier-wonnereich-wandbilder-1024x256-1.jpg","contentUrl":"https:\/\/www.wonnereich.com\/wp-content\/uploads\/2020\/05\/cropped-atelier-wonnereich-wandbilder-1024x256-1.jpg","width":1024,"height":240,"caption":"Atelier WONNEREICH"},"image":{"@id":"https:\/\/www.wonnereich.com\/#\/schema\/logo\/image\/"}}]}},"_links":{"self":[{"href":"https:\/\/www.wonnereich.com\/en\/wp-json\/wp\/v2\/pages\/14649","targetHints":{"allow":["GET"]}}],"collection":[{"href":"https:\/\/www.wonnereich.com\/en\/wp-json\/wp\/v2\/pages"}],"about":[{"href":"https:\/\/www.wonnereich.com\/en\/wp-json\/wp\/v2\/types\/page"}],"author":[{"embeddable":true,"href":"https:\/\/www.wonnereich.com\/en\/wp-json\/wp\/v2\/users\/1"}],"replies":[{"embeddable":true,"href":"https:\/\/www.wonnereich.com\/en\/wp-json\/wp\/v2\/comments?post=14649"}],"version-history":[{"count":2,"href":"https:\/\/www.wonnereich.com\/en\/wp-json\/wp\/v2\/pages\/14649\/revisions"}],"predecessor-version":[{"id":14653,"href":"https:\/\/www.wonnereich.com\/en\/wp-json\/wp\/v2\/pages\/14649\/revisions\/14653"}],"wp:attachment":[{"href":"https:\/\/www.wonnereich.com\/en\/wp-json\/wp\/v2\/media?parent=14649"}],"curies":[{"name":"wp","href":"https:\/\/api.w.org\/{rel}","templated":true}]}}