{"id":15,"date":"2016-03-23T17:31:26","date_gmt":"2016-03-23T16:31:26","guid":{"rendered":"http:\/\/www.wonnereich.com\/bezahlmoeglichkeiten\/"},"modified":"2021-12-07T19:43:13","modified_gmt":"2021-12-07T18:43:13","slug":"bezahlmoeglichkeiten","status":"publish","type":"page","link":"https:\/\/www.wonnereich.com\/en\/wonnereich-geschenke-shop\/bezahlmoeglichkeiten\/","title":{"rendered":"Payment"},"content":{"rendered":"<ol>\n<li>Bezahlen mittels \u00dcberweisung.&nbsp;\u00dcberweisen Sie nach Erhalt der Rechnung via .pdf an unsere Bankverbindung. Bitte nutzen Sie die Bestellnummer als Verwendungszweck. Wir informieren Sie per eMail \u00fcber den weiteren Vorgang.<\/li>\n<li>Sie k\u00f6nnen auch mit Paypal bezahlen. Sollten Sie kein Paypal-Konto besitzen, k\u00f6nnen Sie dort auch mit Ihrer Kreditkarte bezahlen. Wir informieren Sie per eMail \u00fcber den weiteren Vorgang.<\/li>\n<li class=\"translation-block\">Wichtiger Hinweis f\u00fcr Kunden, die aus L\u00e4ndern mit anderer als \u20ac-W\u00e4hrung \u00fcberweisen m\u00f6chten:<br> F\u00fcr Kunden mit <strong>Rechnungsadresse<\/strong> (nicht Lieferadresse) <strong>au\u00dferhalb des \u20ac \u2013 W\u00e4hrungsraums<\/strong> f\u00e4llt eine zus\u00e4tzliche Bankgeb\u00fchr pro Bestellung (nicht pro Artikel) von \u20ac 10.- an und wird auf der Rechnung ausgewiesen. Bei Bezahlung \u00fcber PayPal entf\u00e4llt diese Geb\u00fchr. Die hier online im Warenkorb ausgewiesene Summe enth\u00e4lt diese Geb\u00fchr noch nicht.<\/li>\n<\/ol>\n<p>Bitte beachten Sie:&nbsp;Ihre Bestellung wird erst nach Geldeingang auf unserem Konto bearbeitet. Die Lieferfristen beziehen sich ab dem Zeitpunkt, da wir das Geld erhalten haben.<\/p>\n<p>Ein folgendes eMail enth\u00e4lt ein pdf mit den Allgemeinen Gesch\u00e4ftsbedingungen zu Ihrer Aufbewahrung.<\/p>","protected":false},"excerpt":{"rendered":"<p>Bezahlen mittels \u00dcberweisung.&nbsp;\u00dcberweisen Sie nach Erhalt der Rechnung via .pdf an unsere Bankverbindung. Bitte nutzen Sie die Bestellnummer als Verwendungszweck. Wir informieren Sie per eMail \u00fcber den weiteren Vorgang. Sie k\u00f6nnen auch mit Paypal bezahlen. Sollten Sie kein Paypal-Konto besitzen, k\u00f6nnen Sie dort auch mit Ihrer Kreditkarte bezahlen. Wir informieren Sie per eMail \u00fcber den [&hellip;]<\/p>","protected":false},"author":1,"featured_media":0,"parent":4,"menu_order":0,"comment_status":"closed","ping_status":"closed","template":"","meta":{"footnotes":""},"class_list":["post-15","page","type-page","status-publish","hentry"],"yoast_head":"<!-- This site is optimized with the Yoast SEO plugin v26.9 - https:\/\/yoast.com\/product\/yoast-seo-wordpress\/ -->\n<title>Zahlungsarten &#8226; ATELIER WONNEREICH<\/title>\n<meta name=\"description\" content=\"Wenn Sie Kunst online kaufen - so k\u00f6nnen Sie nach der Bestellung der Bilder bezahlen. Sicher und ohne Risiko.\" \/>\n<meta name=\"robots\" content=\"index, follow, max-snippet:-1, max-image-preview:large, max-video-preview:-1\" \/>\n<link rel=\"canonical\" href=\"https:\/\/www.wonnereich.com\/en\/wonnereich-geschenke-shop\/bezahlmoeglichkeiten\/\" \/>\n<meta property=\"og:locale\" content=\"en_GB\" \/>\n<meta property=\"og:type\" content=\"article\" \/>\n<meta property=\"og:title\" content=\"Zahlungsarten &#8226; ATELIER WONNEREICH\" \/>\n<meta property=\"og:description\" content=\"Wenn Sie Kunst online kaufen - so k\u00f6nnen Sie nach der Bestellung der Bilder bezahlen. Sicher und ohne Risiko.\" \/>\n<meta property=\"og:url\" content=\"https:\/\/www.wonnereich.com\/en\/wonnereich-geschenke-shop\/bezahlmoeglichkeiten\/\" \/>\n<meta property=\"og:site_name\" content=\"ATELIER WONNEREICH\" \/>\n<meta property=\"article:modified_time\" content=\"2021-12-07T18:43:13+00:00\" \/>\n<meta name=\"twitter:card\" content=\"summary_large_image\" \/>\n<meta name=\"twitter:label1\" content=\"Estimated reading time\" \/>\n\t<meta name=\"twitter:data1\" content=\"1 minute\" \/>\n<script type=\"application\/ld+json\" class=\"yoast-schema-graph\">{\"@context\":\"https:\/\/schema.org\",\"@graph\":[{\"@type\":\"WebPage\",\"@id\":\"https:\/\/www.wonnereich.com\/wonnereich-geschenke-shop\/bezahlmoeglichkeiten\/\",\"url\":\"https:\/\/www.wonnereich.com\/wonnereich-geschenke-shop\/bezahlmoeglichkeiten\/\",\"name\":\"Zahlungsarten &#8226; ATELIER WONNEREICH\",\"isPartOf\":{\"@id\":\"https:\/\/www.wonnereich.com\/#website\"},\"datePublished\":\"2016-03-23T16:31:26+00:00\",\"dateModified\":\"2021-12-07T18:43:13+00:00\",\"description\":\"Wenn Sie Kunst online kaufen - so k\u00f6nnen Sie nach der Bestellung der Bilder bezahlen. Sicher und ohne Risiko.\",\"breadcrumb\":{\"@id\":\"https:\/\/www.wonnereich.com\/wonnereich-geschenke-shop\/bezahlmoeglichkeiten\/#breadcrumb\"},\"inLanguage\":\"en-GB\",\"potentialAction\":[{\"@type\":\"ReadAction\",\"target\":[\"https:\/\/www.wonnereich.com\/wonnereich-geschenke-shop\/bezahlmoeglichkeiten\/\"]}]},{\"@type\":\"BreadcrumbList\",\"@id\":\"https:\/\/www.wonnereich.com\/wonnereich-geschenke-shop\/bezahlmoeglichkeiten\/#breadcrumb\",\"itemListElement\":[{\"@type\":\"ListItem\",\"position\":1,\"name\":\"Home\",\"item\":\"https:\/\/www.wonnereich.com\/\"},{\"@type\":\"ListItem\",\"position\":2,\"name\":\"Besondere Geschenke online kaufen\",\"item\":\"https:\/\/www.wonnereich.com\/wonnereich-geschenke-shop\/\"},{\"@type\":\"ListItem\",\"position\":3,\"name\":\"Zahlungsarten\"}]},{\"@type\":\"WebSite\",\"@id\":\"https:\/\/www.wonnereich.com\/#website\",\"url\":\"https:\/\/www.wonnereich.com\/\",\"name\":\"ATELIER WONNEREICH\",\"description\":\"Handwerk+Design Moderne Wandbilder\",\"publisher\":{\"@id\":\"https:\/\/www.wonnereich.com\/#organization\"},\"potentialAction\":[{\"@type\":\"SearchAction\",\"target\":{\"@type\":\"EntryPoint\",\"urlTemplate\":\"https:\/\/www.wonnereich.com\/?s={search_term_string}\"},\"query-input\":{\"@type\":\"PropertyValueSpecification\",\"valueRequired\":true,\"valueName\":\"search_term_string\"}}],\"inLanguage\":\"en-GB\"},{\"@type\":\"Organization\",\"@id\":\"https:\/\/www.wonnereich.com\/#organization\",\"name\":\"Atelier WONNEREICH\",\"url\":\"https:\/\/www.wonnereich.com\/\",\"logo\":{\"@type\":\"ImageObject\",\"inLanguage\":\"en-GB\",\"@id\":\"https:\/\/www.wonnereich.com\/#\/schema\/logo\/image\/\",\"url\":\"https:\/\/www.wonnereich.com\/wp-content\/uploads\/2020\/05\/cropped-atelier-wonnereich-wandbilder-1024x256-1.jpg\",\"contentUrl\":\"https:\/\/www.wonnereich.com\/wp-content\/uploads\/2020\/05\/cropped-atelier-wonnereich-wandbilder-1024x256-1.jpg\",\"width\":1024,\"height\":240,\"caption\":\"Atelier WONNEREICH\"},\"image\":{\"@id\":\"https:\/\/www.wonnereich.com\/#\/schema\/logo\/image\/\"}}]}<\/script>\n<!-- \/ Yoast SEO plugin. -->","yoast_head_json":{"title":"Zahlungsarten &#8226; ATELIER WONNEREICH","description":"Wenn Sie Kunst online kaufen - so k\u00f6nnen Sie nach der Bestellung der Bilder bezahlen. Sicher und ohne Risiko.","robots":{"index":"index","follow":"follow","max-snippet":"max-snippet:-1","max-image-preview":"max-image-preview:large","max-video-preview":"max-video-preview:-1"},"canonical":"https:\/\/www.wonnereich.com\/en\/wonnereich-geschenke-shop\/bezahlmoeglichkeiten\/","og_locale":"en_GB","og_type":"article","og_title":"Zahlungsarten &#8226; ATELIER WONNEREICH","og_description":"Wenn Sie Kunst online kaufen - so k\u00f6nnen Sie nach der Bestellung der Bilder bezahlen. Sicher und ohne Risiko.","og_url":"https:\/\/www.wonnereich.com\/en\/wonnereich-geschenke-shop\/bezahlmoeglichkeiten\/","og_site_name":"ATELIER WONNEREICH","article_modified_time":"2021-12-07T18:43:13+00:00","twitter_card":"summary_large_image","twitter_misc":{"Estimated reading time":"1 minute"},"schema":{"@context":"https:\/\/schema.org","@graph":[{"@type":"WebPage","@id":"https:\/\/www.wonnereich.com\/wonnereich-geschenke-shop\/bezahlmoeglichkeiten\/","url":"https:\/\/www.wonnereich.com\/wonnereich-geschenke-shop\/bezahlmoeglichkeiten\/","name":"Zahlungsarten &#8226; ATELIER WONNEREICH","isPartOf":{"@id":"https:\/\/www.wonnereich.com\/#website"},"datePublished":"2016-03-23T16:31:26+00:00","dateModified":"2021-12-07T18:43:13+00:00","description":"Wenn Sie Kunst online kaufen - so k\u00f6nnen Sie nach der Bestellung der Bilder bezahlen. Sicher und ohne Risiko.","breadcrumb":{"@id":"https:\/\/www.wonnereich.com\/wonnereich-geschenke-shop\/bezahlmoeglichkeiten\/#breadcrumb"},"inLanguage":"en-GB","potentialAction":[{"@type":"ReadAction","target":["https:\/\/www.wonnereich.com\/wonnereich-geschenke-shop\/bezahlmoeglichkeiten\/"]}]},{"@type":"BreadcrumbList","@id":"https:\/\/www.wonnereich.com\/wonnereich-geschenke-shop\/bezahlmoeglichkeiten\/#breadcrumb","itemListElement":[{"@type":"ListItem","position":1,"name":"Home","item":"https:\/\/www.wonnereich.com\/"},{"@type":"ListItem","position":2,"name":"Besondere Geschenke online kaufen","item":"https:\/\/www.wonnereich.com\/wonnereich-geschenke-shop\/"},{"@type":"ListItem","position":3,"name":"Zahlungsarten"}]},{"@type":"WebSite","@id":"https:\/\/www.wonnereich.com\/#website","url":"https:\/\/www.wonnereich.com\/","name":"ATELIER WONNEREICH","description":"Handwerk+Design Moderne Wandbilder","publisher":{"@id":"https:\/\/www.wonnereich.com\/#organization"},"potentialAction":[{"@type":"SearchAction","target":{"@type":"EntryPoint","urlTemplate":"https:\/\/www.wonnereich.com\/?s={search_term_string}"},"query-input":{"@type":"PropertyValueSpecification","valueRequired":true,"valueName":"search_term_string"}}],"inLanguage":"en-GB"},{"@type":"Organization","@id":"https:\/\/www.wonnereich.com\/#organization","name":"Atelier WONNEREICH","url":"https:\/\/www.wonnereich.com\/","logo":{"@type":"ImageObject","inLanguage":"en-GB","@id":"https:\/\/www.wonnereich.com\/#\/schema\/logo\/image\/","url":"https:\/\/www.wonnereich.com\/wp-content\/uploads\/2020\/05\/cropped-atelier-wonnereich-wandbilder-1024x256-1.jpg","contentUrl":"https:\/\/www.wonnereich.com\/wp-content\/uploads\/2020\/05\/cropped-atelier-wonnereich-wandbilder-1024x256-1.jpg","width":1024,"height":240,"caption":"Atelier WONNEREICH"},"image":{"@id":"https:\/\/www.wonnereich.com\/#\/schema\/logo\/image\/"}}]}},"_links":{"self":[{"href":"https:\/\/www.wonnereich.com\/en\/wp-json\/wp\/v2\/pages\/15","targetHints":{"allow":["GET"]}}],"collection":[{"href":"https:\/\/www.wonnereich.com\/en\/wp-json\/wp\/v2\/pages"}],"about":[{"href":"https:\/\/www.wonnereich.com\/en\/wp-json\/wp\/v2\/types\/page"}],"author":[{"embeddable":true,"href":"https:\/\/www.wonnereich.com\/en\/wp-json\/wp\/v2\/users\/1"}],"replies":[{"embeddable":true,"href":"https:\/\/www.wonnereich.com\/en\/wp-json\/wp\/v2\/comments?post=15"}],"version-history":[{"count":2,"href":"https:\/\/www.wonnereich.com\/en\/wp-json\/wp\/v2\/pages\/15\/revisions"}],"predecessor-version":[{"id":13847,"href":"https:\/\/www.wonnereich.com\/en\/wp-json\/wp\/v2\/pages\/15\/revisions\/13847"}],"up":[{"embeddable":true,"href":"https:\/\/www.wonnereich.com\/en\/wp-json\/wp\/v2\/pages\/4"}],"wp:attachment":[{"href":"https:\/\/www.wonnereich.com\/en\/wp-json\/wp\/v2\/media?parent=15"}],"curies":[{"name":"wp","href":"https:\/\/api.w.org\/{rel}","templated":true}]}}