{"id":43,"date":"2016-03-27T14:12:43","date_gmt":"2016-03-27T12:12:43","guid":{"rendered":"http:\/\/www.wonnereich.com\/?page_id=43"},"modified":"2016-03-27T16:33:58","modified_gmt":"2016-03-27T14:33:58","slug":"widerrufsbelehrung-2","status":"publish","type":"page","link":"https:\/\/www.wonnereich.com\/en\/impressum\/widerrufsbelehrung-2\/","title":{"rendered":"Cancellation"},"content":{"rendered":"<p><strong>Information on exercising the right of withdrawal<\/strong><\/p>\n<p>For personalized products, the right of withdrawal (= right of cancellation) only exists as long as you have not yet paid. We begin work (service) as soon as we have confirmed payment, which may be before the withdrawal period has expired.\nDue to the nature of digital goods, there is no right of withdrawal for downloaded products once downloaded.<\/p>\n<p><strong>For goods that do not fall into this category: <\/strong><\/p>\n<p>You have the right to cancel this contract within fourteen days without giving any reasons.<\/p>\n<p>The cancellation period is fourteen days from the day the contract is concluded.<\/p>\n<p class=\"translation-block\">In order to exercise your right of withdrawal, you must contact us<br> Wonnereich, Dr. Ulrike Rainer, Neustiftgasse 93 \/ 47, A-1070 Vienna, 0043 (0) 664 497 49 17, office[at]wonnereich.com<\/p>\n<p>inform of your decision to withdraw from this contract by means of a clear statement (e.g. a letter sent by post, fax or email). You can use the attached sample cancellation form, although this is not mandatory.<\/p>\n<p>In order to meet the cancellation period, it is sufficient that you send the notification of your exercise of the right of cancellation before the cancellation period expires.<\/p>\n<p><strong>Consequences of revocation<\/strong><\/p>\n<p>If you cancel this contract, we will refund to you all payments received from you, including delivery costs (except for any additional costs arising from you choosing a method of delivery other than the cheapest standard delivery offered by us have),\nmust be repaid immediately and at the latest within fourteen days from the day on which we received notification of your cancellation of this contract. For this repayment we use the same payment method that you used for the original transaction, unless something different was expressly agreed with you;\nunder no circumstances will you be charged any fees as a result of this repayment.<\/p>\n<p>We may refuse repayment until we have received the goods back or until you have provided evidence that you have sent the goods back, whichever is the earlier.<\/p>\n<p>Send the goods back to us immediately, at the latest within 14 days of submitting the declaration of withdrawal. It is sufficient if the goods are dispatched within the relevant deadline. We cannot reimburse the return shipping costs.<\/p>\n<h4><strong>Cancellation form<\/strong><\/h4>\n<p class=\"translation-block\">\u2013 To<br> Wonnereich Dr. Ulrike Rainer, Neustiftgasse 93 \/ 47, A-1070 Vienna, office [at] wonnereich.com<br> I\/we (*) hereby revoke the contract concluded by me\/us (*) for the purchase of the following goods (*)\/the provision of the following service (*)<\/p>\n<p>-Ordered on (*)\/received on (*)<\/p>\n<p>-Name of the consumer(s)<\/p>\n<p>-Address of the consumer(s)<\/p>\n<p>-Signature of the consumer(s) (only for paper notification)<\/p>\n<p>-Date<\/p>\n<p>(*) Delete what is not applicable.<\/p>","protected":false},"excerpt":{"rendered":"<p>Informationen zur Aus\u00fcbung des Widerrufsrechts Bei personalisierten Produkten besteht das R\u00fccktrittsrecht (= Widerrufsrecht) nur, solange Sie noch nicht bezahlt haben. Wir beginnen mit der Arbeit (Dienstleistung), sobald wir eine Zahlung best\u00e4tigt haben, unter Umst\u00e4nden also bereits vor Ablauf der R\u00fccktrittsfrist. Bei heruntergeladenen Produkten besteht wegen der Natur digitaler Waren nach dem Download kein R\u00fccktrittsrecht mehr. [&hellip;]<\/p>","protected":false},"author":1,"featured_media":0,"parent":11,"menu_order":0,"comment_status":"closed","ping_status":"closed","template":"","meta":{"footnotes":""},"class_list":["post-43","page","type-page","status-publish","hentry"],"yoast_head":"<!-- This site is optimized with the Yoast SEO plugin v26.9 - https:\/\/yoast.com\/product\/yoast-seo-wordpress\/ -->\n<title>Widerrufsbelehrung &#8226; ATELIER WONNEREICH<\/title>\n<meta name=\"robots\" content=\"index, follow, max-snippet:-1, max-image-preview:large, max-video-preview:-1\" \/>\n<link rel=\"canonical\" href=\"https:\/\/www.wonnereich.com\/en\/impressum\/widerrufsbelehrung-2\/\" \/>\n<meta property=\"og:locale\" content=\"en_GB\" \/>\n<meta property=\"og:type\" content=\"article\" \/>\n<meta property=\"og:title\" content=\"Widerrufsbelehrung &#8226; ATELIER WONNEREICH\" \/>\n<meta property=\"og:description\" content=\"Informationen zur Aus\u00fcbung des Widerrufsrechts Bei personalisierten Produkten besteht das R\u00fccktrittsrecht (= Widerrufsrecht) nur, solange Sie noch nicht bezahlt haben. Wir beginnen mit der Arbeit (Dienstleistung), sobald wir eine Zahlung best\u00e4tigt haben, unter Umst\u00e4nden also bereits vor Ablauf der R\u00fccktrittsfrist. Bei heruntergeladenen Produkten besteht wegen der Natur digitaler Waren nach dem Download kein R\u00fccktrittsrecht mehr. [&hellip;]\" \/>\n<meta property=\"og:url\" content=\"https:\/\/www.wonnereich.com\/en\/impressum\/widerrufsbelehrung-2\/\" \/>\n<meta property=\"og:site_name\" content=\"ATELIER WONNEREICH\" \/>\n<meta property=\"article:modified_time\" content=\"2016-03-27T14:33:58+00:00\" \/>\n<meta name=\"twitter:card\" content=\"summary_large_image\" \/>\n<meta name=\"twitter:label1\" content=\"Estimated reading time\" \/>\n\t<meta name=\"twitter:data1\" content=\"2 minutes\" \/>\n<script type=\"application\/ld+json\" class=\"yoast-schema-graph\">{\"@context\":\"https:\/\/schema.org\",\"@graph\":[{\"@type\":\"WebPage\",\"@id\":\"https:\/\/www.wonnereich.com\/impressum\/widerrufsbelehrung-2\/\",\"url\":\"https:\/\/www.wonnereich.com\/impressum\/widerrufsbelehrung-2\/\",\"name\":\"Widerrufsbelehrung &#8226; ATELIER WONNEREICH\",\"isPartOf\":{\"@id\":\"https:\/\/www.wonnereich.com\/#website\"},\"datePublished\":\"2016-03-27T12:12:43+00:00\",\"dateModified\":\"2016-03-27T14:33:58+00:00\",\"breadcrumb\":{\"@id\":\"https:\/\/www.wonnereich.com\/impressum\/widerrufsbelehrung-2\/#breadcrumb\"},\"inLanguage\":\"en-GB\",\"potentialAction\":[{\"@type\":\"ReadAction\",\"target\":[\"https:\/\/www.wonnereich.com\/impressum\/widerrufsbelehrung-2\/\"]}]},{\"@type\":\"BreadcrumbList\",\"@id\":\"https:\/\/www.wonnereich.com\/impressum\/widerrufsbelehrung-2\/#breadcrumb\",\"itemListElement\":[{\"@type\":\"ListItem\",\"position\":1,\"name\":\"Home\",\"item\":\"https:\/\/www.wonnereich.com\/\"},{\"@type\":\"ListItem\",\"position\":2,\"name\":\"Impressum\",\"item\":\"https:\/\/www.wonnereich.com\/impressum\/\"},{\"@type\":\"ListItem\",\"position\":3,\"name\":\"Widerrufsbelehrung\"}]},{\"@type\":\"WebSite\",\"@id\":\"https:\/\/www.wonnereich.com\/#website\",\"url\":\"https:\/\/www.wonnereich.com\/\",\"name\":\"ATELIER WONNEREICH\",\"description\":\"Handwerk+Design Moderne Wandbilder\",\"publisher\":{\"@id\":\"https:\/\/www.wonnereich.com\/#organization\"},\"potentialAction\":[{\"@type\":\"SearchAction\",\"target\":{\"@type\":\"EntryPoint\",\"urlTemplate\":\"https:\/\/www.wonnereich.com\/?s={search_term_string}\"},\"query-input\":{\"@type\":\"PropertyValueSpecification\",\"valueRequired\":true,\"valueName\":\"search_term_string\"}}],\"inLanguage\":\"en-GB\"},{\"@type\":\"Organization\",\"@id\":\"https:\/\/www.wonnereich.com\/#organization\",\"name\":\"Atelier WONNEREICH\",\"url\":\"https:\/\/www.wonnereich.com\/\",\"logo\":{\"@type\":\"ImageObject\",\"inLanguage\":\"en-GB\",\"@id\":\"https:\/\/www.wonnereich.com\/#\/schema\/logo\/image\/\",\"url\":\"https:\/\/www.wonnereich.com\/wp-content\/uploads\/2020\/05\/cropped-atelier-wonnereich-wandbilder-1024x256-1.jpg\",\"contentUrl\":\"https:\/\/www.wonnereich.com\/wp-content\/uploads\/2020\/05\/cropped-atelier-wonnereich-wandbilder-1024x256-1.jpg\",\"width\":1024,\"height\":240,\"caption\":\"Atelier WONNEREICH\"},\"image\":{\"@id\":\"https:\/\/www.wonnereich.com\/#\/schema\/logo\/image\/\"}}]}<\/script>\n<!-- \/ Yoast SEO plugin. -->","yoast_head_json":{"title":"Widerrufsbelehrung &#8226; ATELIER WONNEREICH","robots":{"index":"index","follow":"follow","max-snippet":"max-snippet:-1","max-image-preview":"max-image-preview:large","max-video-preview":"max-video-preview:-1"},"canonical":"https:\/\/www.wonnereich.com\/en\/impressum\/widerrufsbelehrung-2\/","og_locale":"en_GB","og_type":"article","og_title":"Widerrufsbelehrung &#8226; ATELIER WONNEREICH","og_description":"Informationen zur Aus\u00fcbung des Widerrufsrechts Bei personalisierten Produkten besteht das R\u00fccktrittsrecht (= Widerrufsrecht) nur, solange Sie noch nicht bezahlt haben. Wir beginnen mit der Arbeit (Dienstleistung), sobald wir eine Zahlung best\u00e4tigt haben, unter Umst\u00e4nden also bereits vor Ablauf der R\u00fccktrittsfrist. Bei heruntergeladenen Produkten besteht wegen der Natur digitaler Waren nach dem Download kein R\u00fccktrittsrecht mehr. [&hellip;]","og_url":"https:\/\/www.wonnereich.com\/en\/impressum\/widerrufsbelehrung-2\/","og_site_name":"ATELIER WONNEREICH","article_modified_time":"2016-03-27T14:33:58+00:00","twitter_card":"summary_large_image","twitter_misc":{"Estimated reading time":"2 minutes"},"schema":{"@context":"https:\/\/schema.org","@graph":[{"@type":"WebPage","@id":"https:\/\/www.wonnereich.com\/impressum\/widerrufsbelehrung-2\/","url":"https:\/\/www.wonnereich.com\/impressum\/widerrufsbelehrung-2\/","name":"Widerrufsbelehrung &#8226; ATELIER WONNEREICH","isPartOf":{"@id":"https:\/\/www.wonnereich.com\/#website"},"datePublished":"2016-03-27T12:12:43+00:00","dateModified":"2016-03-27T14:33:58+00:00","breadcrumb":{"@id":"https:\/\/www.wonnereich.com\/impressum\/widerrufsbelehrung-2\/#breadcrumb"},"inLanguage":"en-GB","potentialAction":[{"@type":"ReadAction","target":["https:\/\/www.wonnereich.com\/impressum\/widerrufsbelehrung-2\/"]}]},{"@type":"BreadcrumbList","@id":"https:\/\/www.wonnereich.com\/impressum\/widerrufsbelehrung-2\/#breadcrumb","itemListElement":[{"@type":"ListItem","position":1,"name":"Home","item":"https:\/\/www.wonnereich.com\/"},{"@type":"ListItem","position":2,"name":"Impressum","item":"https:\/\/www.wonnereich.com\/impressum\/"},{"@type":"ListItem","position":3,"name":"Widerrufsbelehrung"}]},{"@type":"WebSite","@id":"https:\/\/www.wonnereich.com\/#website","url":"https:\/\/www.wonnereich.com\/","name":"ATELIER WONNEREICH","description":"Handwerk+Design Moderne Wandbilder","publisher":{"@id":"https:\/\/www.wonnereich.com\/#organization"},"potentialAction":[{"@type":"SearchAction","target":{"@type":"EntryPoint","urlTemplate":"https:\/\/www.wonnereich.com\/?s={search_term_string}"},"query-input":{"@type":"PropertyValueSpecification","valueRequired":true,"valueName":"search_term_string"}}],"inLanguage":"en-GB"},{"@type":"Organization","@id":"https:\/\/www.wonnereich.com\/#organization","name":"Atelier WONNEREICH","url":"https:\/\/www.wonnereich.com\/","logo":{"@type":"ImageObject","inLanguage":"en-GB","@id":"https:\/\/www.wonnereich.com\/#\/schema\/logo\/image\/","url":"https:\/\/www.wonnereich.com\/wp-content\/uploads\/2020\/05\/cropped-atelier-wonnereich-wandbilder-1024x256-1.jpg","contentUrl":"https:\/\/www.wonnereich.com\/wp-content\/uploads\/2020\/05\/cropped-atelier-wonnereich-wandbilder-1024x256-1.jpg","width":1024,"height":240,"caption":"Atelier WONNEREICH"},"image":{"@id":"https:\/\/www.wonnereich.com\/#\/schema\/logo\/image\/"}}]}},"_links":{"self":[{"href":"https:\/\/www.wonnereich.com\/en\/wp-json\/wp\/v2\/pages\/43","targetHints":{"allow":["GET"]}}],"collection":[{"href":"https:\/\/www.wonnereich.com\/en\/wp-json\/wp\/v2\/pages"}],"about":[{"href":"https:\/\/www.wonnereich.com\/en\/wp-json\/wp\/v2\/types\/page"}],"author":[{"embeddable":true,"href":"https:\/\/www.wonnereich.com\/en\/wp-json\/wp\/v2\/users\/1"}],"replies":[{"embeddable":true,"href":"https:\/\/www.wonnereich.com\/en\/wp-json\/wp\/v2\/comments?post=43"}],"version-history":[{"count":0,"href":"https:\/\/www.wonnereich.com\/en\/wp-json\/wp\/v2\/pages\/43\/revisions"}],"up":[{"embeddable":true,"href":"https:\/\/www.wonnereich.com\/en\/wp-json\/wp\/v2\/pages\/11"}],"wp:attachment":[{"href":"https:\/\/www.wonnereich.com\/en\/wp-json\/wp\/v2\/media?parent=43"}],"curies":[{"name":"wp","href":"https:\/\/api.w.org\/{rel}","templated":true}]}}