{"id":14283,"date":"2024-09-18T16:43:37","date_gmt":"2024-09-18T14:43:37","guid":{"rendered":"https:\/\/www.wonnereich.com\/?post_type=product&#038;p=14283"},"modified":"2026-02-04T17:54:26","modified_gmt":"2026-02-04T16:54:26","slug":"heiliger-sebastian-limitierte-auflage-moderne-religioese-kunst","status":"publish","type":"product","link":"https:\/\/www.wonnereich.com\/en\/product\/heiliger-sebastian-limitierte-auflage-moderne-religioese-kunst\/","title":{"rendered":"St. Sebastian \u2013 Athletes, Gardeners"},"content":{"rendered":"<h2>Modern religious art<\/h2>\n<h3>Saint Sebastian: martyr and patron saint<\/h3>\n<div id='gallery-1' class='gallery galleryid-14283 gallery-columns-4 gallery-size-medium'><figure class='gallery-item'>\n\t\t\t<div class='gallery-icon landscape'>\n\t\t\t\t<a href='https:\/\/www.wonnereich.com\/wp-content\/uploads\/2024\/09\/moderne_religoese_kunst_heiligenbilder_01_detail.jpg' class='no-lazyload'><img decoding=\"async\" width=\"300\" height=\"300\" src=\"https:\/\/www.wonnereich.com\/wp-content\/uploads\/2024\/09\/moderne_religoese_kunst_heiligenbilder_01_detail-300x300.jpg\" class=\"attachment-medium size-medium no-lazyload\" alt=\"\" aria-describedby=\"gallery-1-14908\" srcset=\"https:\/\/www.wonnereich.com\/wp-content\/uploads\/2024\/09\/moderne_religoese_kunst_heiligenbilder_01_detail-300x300.jpg 300w, https:\/\/www.wonnereich.com\/wp-content\/uploads\/2024\/09\/moderne_religoese_kunst_heiligenbilder_01_detail-150x150.jpg 150w, https:\/\/www.wonnereich.com\/wp-content\/uploads\/2024\/09\/moderne_religoese_kunst_heiligenbilder_01_detail-768x768.jpg 768w, https:\/\/www.wonnereich.com\/wp-content\/uploads\/2024\/09\/moderne_religoese_kunst_heiligenbilder_01_detail-12x12.jpg 12w, https:\/\/www.wonnereich.com\/wp-content\/uploads\/2024\/09\/moderne_religoese_kunst_heiligenbilder_01_detail-324x324.jpg 324w, https:\/\/www.wonnereich.com\/wp-content\/uploads\/2024\/09\/moderne_religoese_kunst_heiligenbilder_01_detail-416x416.jpg 416w, https:\/\/www.wonnereich.com\/wp-content\/uploads\/2024\/09\/moderne_religoese_kunst_heiligenbilder_01_detail-100x100.jpg 100w, https:\/\/www.wonnereich.com\/wp-content\/uploads\/2024\/09\/moderne_religoese_kunst_heiligenbilder_01_detail.jpg 800w\" sizes=\"(max-width: 300px) 100vw, 300px\" \/><\/a>\n\t\t\t<\/div>\n\t\t\t\t<figcaption class='wp-caption-text gallery-caption' id='gallery-1-14908'>\n\t\t\t\tDetail\n\t\t\t\t<\/figcaption><\/figure><figure class='gallery-item'>\n\t\t\t<div class='gallery-icon portrait'>\n\t\t\t\t<a href='https:\/\/www.wonnereich.com\/wp-content\/uploads\/2024\/09\/moderne_religioese_kunst.jpg' class='no-lazyload'><img decoding=\"async\" width=\"289\" height=\"300\" src=\"https:\/\/www.wonnereich.com\/wp-content\/uploads\/2024\/09\/moderne_religioese_kunst-289x300.jpg\" class=\"attachment-medium size-medium no-lazyload\" alt=\"Moderne religi\u00f6se Kunst Heiliger Sebastian\" aria-describedby=\"gallery-1-14307\" srcset=\"https:\/\/www.wonnereich.com\/wp-content\/uploads\/2024\/09\/moderne_religioese_kunst-289x300.jpg 289w, https:\/\/www.wonnereich.com\/wp-content\/uploads\/2024\/09\/moderne_religioese_kunst-768x798.jpg 768w, https:\/\/www.wonnereich.com\/wp-content\/uploads\/2024\/09\/moderne_religioese_kunst-12x12.jpg 12w, https:\/\/www.wonnereich.com\/wp-content\/uploads\/2024\/09\/moderne_religioese_kunst-416x432.jpg 416w, https:\/\/www.wonnereich.com\/wp-content\/uploads\/2024\/09\/moderne_religioese_kunst.jpg 976w\" sizes=\"(max-width: 289px) 100vw, 289px\" \/><\/a>\n\t\t\t<\/div>\n\t\t\t\t<figcaption class='wp-caption-text gallery-caption' id='gallery-1-14307'>\n\t\t\t\tImage of Saint Sebastian. Religious art for modern homes\n\t\t\t\t<\/figcaption><\/figure><figure class='gallery-item'>\n\t\t\t<div class='gallery-icon landscape'>\n\t\t\t\t<a href='https:\/\/www.wonnereich.com\/wp-content\/uploads\/2024\/09\/moderne_religioese_bilder_2.jpg' class='no-lazyload'><img decoding=\"async\" width=\"300\" height=\"295\" src=\"https:\/\/www.wonnereich.com\/wp-content\/uploads\/2024\/09\/moderne_religioese_bilder_2-300x295.jpg\" class=\"attachment-medium size-medium no-lazyload\" alt=\"Moderne religi\u00f6se Bilder in einem zeitgen\u00f6ssischen Raum mit Blick auf Hochh\u00e4user einer modernen Stadt\" aria-describedby=\"gallery-1-14308\" srcset=\"https:\/\/www.wonnereich.com\/wp-content\/uploads\/2024\/09\/moderne_religioese_bilder_2-300x295.jpg 300w, https:\/\/www.wonnereich.com\/wp-content\/uploads\/2024\/09\/moderne_religioese_bilder_2-768x756.jpg 768w, https:\/\/www.wonnereich.com\/wp-content\/uploads\/2024\/09\/moderne_religioese_bilder_2-12x12.jpg 12w, https:\/\/www.wonnereich.com\/wp-content\/uploads\/2024\/09\/moderne_religioese_bilder_2-416x410.jpg 416w, https:\/\/www.wonnereich.com\/wp-content\/uploads\/2024\/09\/moderne_religioese_bilder_2.jpg 861w\" sizes=\"(max-width: 300px) 100vw, 300px\" \/><\/a>\n\t\t\t<\/div>\n\t\t\t\t<figcaption class='wp-caption-text gallery-caption' id='gallery-1-14308'>\n\t\t\t\tModerne R\u00e4ume mit Kunstwerken beleben\n\t\t\t\t<\/figcaption><\/figure><figure class='gallery-item'>\n\t\t\t<div class='gallery-icon portrait'>\n\t\t\t\t<a href='https:\/\/www.wonnereich.com\/wp-content\/uploads\/2026\/02\/moderne_religoese_kunst_heiligenbilder_3140.jpg' class='no-lazyload'><img decoding=\"async\" width=\"225\" height=\"300\" src=\"https:\/\/www.wonnereich.com\/wp-content\/uploads\/2026\/02\/moderne_religoese_kunst_heiligenbilder_3140-225x300.jpg\" class=\"attachment-medium size-medium no-lazyload\" alt=\"Moderne religi\u00f6se Kunst christliches Heiligenbild mit roter Dokumententinte auf B\u00fcttenpapier auf Eisenplatte\" aria-describedby=\"gallery-1-14906\" srcset=\"https:\/\/www.wonnereich.com\/wp-content\/uploads\/2026\/02\/moderne_religoese_kunst_heiligenbilder_3140-225x300.jpg 225w, https:\/\/www.wonnereich.com\/wp-content\/uploads\/2026\/02\/moderne_religoese_kunst_heiligenbilder_3140-767x1024.jpg 767w, https:\/\/www.wonnereich.com\/wp-content\/uploads\/2026\/02\/moderne_religoese_kunst_heiligenbilder_3140-768x1025.jpg 768w, https:\/\/www.wonnereich.com\/wp-content\/uploads\/2026\/02\/moderne_religoese_kunst_heiligenbilder_3140-9x12.jpg 9w, https:\/\/www.wonnereich.com\/wp-content\/uploads\/2026\/02\/moderne_religoese_kunst_heiligenbilder_3140-416x555.jpg 416w, https:\/\/www.wonnereich.com\/wp-content\/uploads\/2026\/02\/moderne_religoese_kunst_heiligenbilder_3140.jpg 800w\" sizes=\"(max-width: 225px) 100vw, 225px\" \/><\/a>\n\t\t\t<\/div>\n\t\t\t\t<figcaption class='wp-caption-text gallery-caption' id='gallery-1-14906'>\n\t\t\t\tAuf Eisentr\u00e4ger\n\t\t\t\t<\/figcaption><\/figure>\n\t\t<\/div>\n\n<p>Saint Sebastian, a martyr of the early church, is a fascinating figure who plays a special role in art and popular religious piety. His memorial day is celebrated on January 20th. With this picture of modern religious art you can give your favorite place a special flair.<\/p>\n<h4>Life and martyrdom<\/h4>\n<p>Little is known for certain about Sebastian's life. He is said to have been born in Milan around the year 256 and to have served as a bodyguard for the Roman Emperor Diocletian. As a Christian, he was persecuted and shot to death under Diocletian because of his faith. He was tied to a tree and had archers shoot at him.\nSince he survived the torture, he was tortured again and finally beaten to death.<\/p>\n<h4>Sebastian as a martyr<\/h4>\n<p>The depiction of Sebastian's riddled body became an iconic image in Christian art. His sufferings were interpreted as a sign of unshakable faith and made him a popular martyr.<\/p>\n<h4>Sebastian as patron saint and protector<\/h4>\n<p>Sebastian is invoked as the patron saint against the plague, as he is often depicted in connection with plagues. He is also considered the patron saint of archers, soldiers and shooting fraternities.<\/p>\n<h4>St. Sebastian in art<\/h4>\n<p>In art, Sebastian is often depicted as a young, beautiful man pierced by arrows. His images often have great emotional power and serve as an expression of faith and suffering.<\/p>\n<h3>Motif of the picture<\/h3>\n<p>This small work of art in a limited edition of 6 pieces tells a big story. Sebastian is depicted in his ordeal as a young man, sandwiched between two walls that evoke the two worlds he was caught between. However, he still stands firmly on his feet and remains upright despite his injuries.<\/p>\n<p>The arrows are embedded in his body, but he shows no signs of pain and looks less like an injury and more like a sign of infinite strength. They symbolize the temptations and suffering that every person is exposed to and the confidence that there is hope and strength even in the most difficult moments of life.\nThe room in which the picture hangs becomes a place of peace and strength.<\/p>\n<p><strong>Attributes:<\/strong> Arrows, bows, palm branches (symbols of martyrdom), sometimes a city wall or a tree<\/p>\n<p><strong>Patronages:<\/strong><\/p>\n<p class=\"translation-block\">Against the plague<br> Patron saint of archers<br> Patron saint of soldiers<br> Patron saint of the shooting brotherhoods<\/p>\n<p><strong>Memorial Day:<\/strong> January 20th<\/p>\n<p>Note: The dates of Saint Sebastian's life are not clearly documented and vary depending on the source. The data given here is a common assumption.<\/p>\n<p>This work is part of an ongoing cycle. Further versions of this motif are available upon request.<\/p>","protected":false},"excerpt":{"rendered":"<p>A little comforter in this special corner of the apartment that best reflects your own personality. For those moments of the day and evening that belong only to you. As an inspiration to overcome challenges with courage and hope.<\/p>\n<ul>\n<li>Real, handmade document ink on handmade paper<\/li>\n<li>Handgefertigtes Unikat<\/li>\n<li>Signed and with certificate card<\/li>\n<li>The digital element is the font, printed with conventional black printer ink<\/li>\n<li>Size: approximately A5 19cm x 15cm or 7.5in x 6in<\/li>\n<\/ul>","protected":false},"featured_media":14298,"template":"","meta":[],"product_brand":[],"product_cat":[198,213,186,176,145,121,44,163,46,78,47,45,79],"product_tag":[133,53,28,49,103,131,130,134],"class_list":{"0":"post-14283","1":"product","2":"type-product","3":"status-publish","4":"has-post-thumbnail","6":"product_cat-limitierte-auflage","7":"product_cat-spuren-rot","8":"product_cat-kleine-wandbilder","9":"product_cat-wandbilder-rot","10":"product_cat-buetten-rot","11":"product_cat-moderne-heiligenbilder-aussergewoehnlicher-wandschmuck-mit-echtem-blattgold-auf-buetten","12":"product_cat-geschenke-nach-anlass","13":"product_cat-handgemacht","14":"product_cat-geburtstagsgeschenke","15":"product_cat-hochzeitsgeschenke","16":"product_cat-weihnachtsgeschenke","17":"product_cat-geschenke-frauen","18":"product_cat-geschenke-fuer-maenner","19":"product_tag-edel","20":"product_tag-geburtstagsgeschenke","21":"product_tag-geschenk","22":"product_tag-geschenke-fuer-frauen","23":"product_tag-geschenke-fuer-maenner","24":"product_tag-handgefertigt","25":"product_tag-heiliger","26":"product_tag-wandbild","27":"product_shipping_class-nur-bild","29":"first","30":"instock","31":"featured","32":"shipping-taxable","33":"purchasable","34":"product-type-variable","35":"has-default-attributes"},"yoast_head":"<!-- This site is optimized with the Yoast SEO plugin v26.9 - https:\/\/yoast.com\/product\/yoast-seo-wordpress\/ -->\n<title>Hl. Sebastian - Sportler, G\u00e4rtner &#8226; ATELIER WONNEREICH<\/title>\n<meta name=\"description\" content=\"Moderne religi\u00f6se Kunst. Exklusive Unikate, handgefertigt und von h\u00f6chster Qualit\u00e4t. Bereichern Sie Ihre Sammlung mit einzigartigen Meisterwerken wie dem Bild des Heiligen Sebastian.\" \/>\n<meta name=\"robots\" content=\"index, follow, max-snippet:-1, max-image-preview:large, max-video-preview:-1\" \/>\n<link rel=\"canonical\" href=\"https:\/\/www.wonnereich.com\/en\/product\/heiliger-sebastian-limitierte-auflage-moderne-religioese-kunst\/\" \/>\n<meta property=\"og:locale\" content=\"en_GB\" \/>\n<meta property=\"og:type\" content=\"article\" \/>\n<meta property=\"og:title\" content=\"Hl. Sebastian - Sportler, G\u00e4rtner &#8226; ATELIER WONNEREICH\" \/>\n<meta property=\"og:description\" content=\"Moderne religi\u00f6se Kunst. Exklusive Unikate, handgefertigt und von h\u00f6chster Qualit\u00e4t. Bereichern Sie Ihre Sammlung mit einzigartigen Meisterwerken wie dem Bild des Heiligen Sebastian.\" \/>\n<meta property=\"og:url\" content=\"https:\/\/www.wonnereich.com\/en\/product\/heiliger-sebastian-limitierte-auflage-moderne-religioese-kunst\/\" \/>\n<meta property=\"og:site_name\" content=\"ATELIER WONNEREICH\" \/>\n<meta property=\"article:modified_time\" content=\"2026-02-04T16:54:26+00:00\" \/>\n<meta property=\"og:image\" content=\"https:\/\/www.wonnereich.com\/wp-content\/uploads\/2024\/09\/moderne_religioese_bilder_20251.jpg\" \/>\n\t<meta property=\"og:image:width\" content=\"800\" \/>\n\t<meta property=\"og:image:height\" content=\"986\" \/>\n\t<meta property=\"og:image:type\" content=\"image\/jpeg\" \/>\n<meta name=\"twitter:card\" content=\"summary_large_image\" \/>\n<meta name=\"twitter:label1\" content=\"Estimated reading time\" \/>\n\t<meta name=\"twitter:data1\" content=\"3 minutes\" \/>\n<script type=\"application\/ld+json\" class=\"yoast-schema-graph\">{\"@context\":\"https:\/\/schema.org\",\"@graph\":[{\"@type\":\"WebPage\",\"@id\":\"https:\/\/www.wonnereich.com\/produkt\/heiliger-sebastian-limitierte-auflage-moderne-religioese-kunst\/\",\"url\":\"https:\/\/www.wonnereich.com\/produkt\/heiliger-sebastian-limitierte-auflage-moderne-religioese-kunst\/\",\"name\":\"Hl. Sebastian - Sportler, G\u00e4rtner &#8226; ATELIER WONNEREICH\",\"isPartOf\":{\"@id\":\"https:\/\/www.wonnereich.com\/#website\"},\"primaryImageOfPage\":{\"@id\":\"https:\/\/www.wonnereich.com\/produkt\/heiliger-sebastian-limitierte-auflage-moderne-religioese-kunst\/#primaryimage\"},\"image\":{\"@id\":\"https:\/\/www.wonnereich.com\/produkt\/heiliger-sebastian-limitierte-auflage-moderne-religioese-kunst\/#primaryimage\"},\"thumbnailUrl\":\"https:\/\/www.wonnereich.com\/wp-content\/uploads\/2024\/09\/moderne_religioese_bilder_20251.jpg\",\"datePublished\":\"2024-09-18T14:43:37+00:00\",\"dateModified\":\"2026-02-04T16:54:26+00:00\",\"description\":\"Moderne religi\u00f6se Kunst. Exklusive Unikate, handgefertigt und von h\u00f6chster Qualit\u00e4t. Bereichern Sie Ihre Sammlung mit einzigartigen Meisterwerken wie dem Bild des Heiligen Sebastian.\",\"breadcrumb\":{\"@id\":\"https:\/\/www.wonnereich.com\/produkt\/heiliger-sebastian-limitierte-auflage-moderne-religioese-kunst\/#breadcrumb\"},\"inLanguage\":\"en-GB\",\"potentialAction\":[{\"@type\":\"ReadAction\",\"target\":[\"https:\/\/www.wonnereich.com\/produkt\/heiliger-sebastian-limitierte-auflage-moderne-religioese-kunst\/\"]}]},{\"@type\":\"ImageObject\",\"inLanguage\":\"en-GB\",\"@id\":\"https:\/\/www.wonnereich.com\/produkt\/heiliger-sebastian-limitierte-auflage-moderne-religioese-kunst\/#primaryimage\",\"url\":\"https:\/\/www.wonnereich.com\/wp-content\/uploads\/2024\/09\/moderne_religioese_bilder_20251.jpg\",\"contentUrl\":\"https:\/\/www.wonnereich.com\/wp-content\/uploads\/2024\/09\/moderne_religioese_bilder_20251.jpg\",\"width\":800,\"height\":986,\"caption\":\"Moderne religi\u00f6se Bilder katholische Heilige M\u00e4rtyrer rote Dokumententinte auf B\u00fcttenpapier\"},{\"@type\":\"BreadcrumbList\",\"@id\":\"https:\/\/www.wonnereich.com\/produkt\/heiliger-sebastian-limitierte-auflage-moderne-religioese-kunst\/#breadcrumb\",\"itemListElement\":[{\"@type\":\"ListItem\",\"position\":1,\"name\":\"Home\",\"item\":\"https:\/\/www.wonnereich.com\/\"},{\"@type\":\"ListItem\",\"position\":2,\"name\":\"Alle Werke\",\"item\":\"https:\/\/www.wonnereich.com\/shop\/\"},{\"@type\":\"ListItem\",\"position\":3,\"name\":\"Hl. Sebastian &#8211; Sportler, G\u00e4rtner\"}]},{\"@type\":\"WebSite\",\"@id\":\"https:\/\/www.wonnereich.com\/#website\",\"url\":\"https:\/\/www.wonnereich.com\/\",\"name\":\"ATELIER WONNEREICH\",\"description\":\"Handwerk+Design Moderne Wandbilder\",\"publisher\":{\"@id\":\"https:\/\/www.wonnereich.com\/#organization\"},\"potentialAction\":[{\"@type\":\"SearchAction\",\"target\":{\"@type\":\"EntryPoint\",\"urlTemplate\":\"https:\/\/www.wonnereich.com\/?s={search_term_string}\"},\"query-input\":{\"@type\":\"PropertyValueSpecification\",\"valueRequired\":true,\"valueName\":\"search_term_string\"}}],\"inLanguage\":\"en-GB\"},{\"@type\":\"Organization\",\"@id\":\"https:\/\/www.wonnereich.com\/#organization\",\"name\":\"Atelier WONNEREICH\",\"url\":\"https:\/\/www.wonnereich.com\/\",\"logo\":{\"@type\":\"ImageObject\",\"inLanguage\":\"en-GB\",\"@id\":\"https:\/\/www.wonnereich.com\/#\/schema\/logo\/image\/\",\"url\":\"https:\/\/www.wonnereich.com\/wp-content\/uploads\/2020\/05\/cropped-atelier-wonnereich-wandbilder-1024x256-1.jpg\",\"contentUrl\":\"https:\/\/www.wonnereich.com\/wp-content\/uploads\/2020\/05\/cropped-atelier-wonnereich-wandbilder-1024x256-1.jpg\",\"width\":1024,\"height\":240,\"caption\":\"Atelier WONNEREICH\"},\"image\":{\"@id\":\"https:\/\/www.wonnereich.com\/#\/schema\/logo\/image\/\"}}]}<\/script>\n<!-- \/ Yoast SEO plugin. -->","yoast_head_json":{"title":"Hl. Sebastian - Sportler, G\u00e4rtner &#8226; ATELIER WONNEREICH","description":"Moderne religi\u00f6se Kunst. Exklusive Unikate, handgefertigt und von h\u00f6chster Qualit\u00e4t. Bereichern Sie Ihre Sammlung mit einzigartigen Meisterwerken wie dem Bild des Heiligen Sebastian.","robots":{"index":"index","follow":"follow","max-snippet":"max-snippet:-1","max-image-preview":"max-image-preview:large","max-video-preview":"max-video-preview:-1"},"canonical":"https:\/\/www.wonnereich.com\/en\/product\/heiliger-sebastian-limitierte-auflage-moderne-religioese-kunst\/","og_locale":"en_GB","og_type":"article","og_title":"Hl. Sebastian - Sportler, G\u00e4rtner &#8226; ATELIER WONNEREICH","og_description":"Moderne religi\u00f6se Kunst. Exklusive Unikate, handgefertigt und von h\u00f6chster Qualit\u00e4t. Bereichern Sie Ihre Sammlung mit einzigartigen Meisterwerken wie dem Bild des Heiligen Sebastian.","og_url":"https:\/\/www.wonnereich.com\/en\/product\/heiliger-sebastian-limitierte-auflage-moderne-religioese-kunst\/","og_site_name":"ATELIER WONNEREICH","article_modified_time":"2026-02-04T16:54:26+00:00","og_image":[{"width":800,"height":986,"url":"https:\/\/www.wonnereich.com\/wp-content\/uploads\/2024\/09\/moderne_religioese_bilder_20251.jpg","type":"image\/jpeg"}],"twitter_card":"summary_large_image","twitter_misc":{"Estimated reading time":"3 minutes"},"schema":{"@context":"https:\/\/schema.org","@graph":[{"@type":"WebPage","@id":"https:\/\/www.wonnereich.com\/produkt\/heiliger-sebastian-limitierte-auflage-moderne-religioese-kunst\/","url":"https:\/\/www.wonnereich.com\/produkt\/heiliger-sebastian-limitierte-auflage-moderne-religioese-kunst\/","name":"Hl. Sebastian - Sportler, G\u00e4rtner &#8226; ATELIER WONNEREICH","isPartOf":{"@id":"https:\/\/www.wonnereich.com\/#website"},"primaryImageOfPage":{"@id":"https:\/\/www.wonnereich.com\/produkt\/heiliger-sebastian-limitierte-auflage-moderne-religioese-kunst\/#primaryimage"},"image":{"@id":"https:\/\/www.wonnereich.com\/produkt\/heiliger-sebastian-limitierte-auflage-moderne-religioese-kunst\/#primaryimage"},"thumbnailUrl":"https:\/\/www.wonnereich.com\/wp-content\/uploads\/2024\/09\/moderne_religioese_bilder_20251.jpg","datePublished":"2024-09-18T14:43:37+00:00","dateModified":"2026-02-04T16:54:26+00:00","description":"Moderne religi\u00f6se Kunst. Exklusive Unikate, handgefertigt und von h\u00f6chster Qualit\u00e4t. Bereichern Sie Ihre Sammlung mit einzigartigen Meisterwerken wie dem Bild des Heiligen Sebastian.","breadcrumb":{"@id":"https:\/\/www.wonnereich.com\/produkt\/heiliger-sebastian-limitierte-auflage-moderne-religioese-kunst\/#breadcrumb"},"inLanguage":"en-GB","potentialAction":[{"@type":"ReadAction","target":["https:\/\/www.wonnereich.com\/produkt\/heiliger-sebastian-limitierte-auflage-moderne-religioese-kunst\/"]}]},{"@type":"ImageObject","inLanguage":"en-GB","@id":"https:\/\/www.wonnereich.com\/produkt\/heiliger-sebastian-limitierte-auflage-moderne-religioese-kunst\/#primaryimage","url":"https:\/\/www.wonnereich.com\/wp-content\/uploads\/2024\/09\/moderne_religioese_bilder_20251.jpg","contentUrl":"https:\/\/www.wonnereich.com\/wp-content\/uploads\/2024\/09\/moderne_religioese_bilder_20251.jpg","width":800,"height":986,"caption":"Moderne religi\u00f6se Bilder katholische Heilige M\u00e4rtyrer rote Dokumententinte auf B\u00fcttenpapier"},{"@type":"BreadcrumbList","@id":"https:\/\/www.wonnereich.com\/produkt\/heiliger-sebastian-limitierte-auflage-moderne-religioese-kunst\/#breadcrumb","itemListElement":[{"@type":"ListItem","position":1,"name":"Home","item":"https:\/\/www.wonnereich.com\/"},{"@type":"ListItem","position":2,"name":"Alle Werke","item":"https:\/\/www.wonnereich.com\/shop\/"},{"@type":"ListItem","position":3,"name":"Hl. Sebastian &#8211; Sportler, G\u00e4rtner"}]},{"@type":"WebSite","@id":"https:\/\/www.wonnereich.com\/#website","url":"https:\/\/www.wonnereich.com\/","name":"ATELIER WONNEREICH","description":"Handwerk+Design Moderne Wandbilder","publisher":{"@id":"https:\/\/www.wonnereich.com\/#organization"},"potentialAction":[{"@type":"SearchAction","target":{"@type":"EntryPoint","urlTemplate":"https:\/\/www.wonnereich.com\/?s={search_term_string}"},"query-input":{"@type":"PropertyValueSpecification","valueRequired":true,"valueName":"search_term_string"}}],"inLanguage":"en-GB"},{"@type":"Organization","@id":"https:\/\/www.wonnereich.com\/#organization","name":"Atelier WONNEREICH","url":"https:\/\/www.wonnereich.com\/","logo":{"@type":"ImageObject","inLanguage":"en-GB","@id":"https:\/\/www.wonnereich.com\/#\/schema\/logo\/image\/","url":"https:\/\/www.wonnereich.com\/wp-content\/uploads\/2020\/05\/cropped-atelier-wonnereich-wandbilder-1024x256-1.jpg","contentUrl":"https:\/\/www.wonnereich.com\/wp-content\/uploads\/2020\/05\/cropped-atelier-wonnereich-wandbilder-1024x256-1.jpg","width":1024,"height":240,"caption":"Atelier WONNEREICH"},"image":{"@id":"https:\/\/www.wonnereich.com\/#\/schema\/logo\/image\/"}}]}},"_links":{"self":[{"href":"https:\/\/www.wonnereich.com\/en\/wp-json\/wp\/v2\/product\/14283","targetHints":{"allow":["GET"]}}],"collection":[{"href":"https:\/\/www.wonnereich.com\/en\/wp-json\/wp\/v2\/product"}],"about":[{"href":"https:\/\/www.wonnereich.com\/en\/wp-json\/wp\/v2\/types\/product"}],"wp:featuredmedia":[{"embeddable":true,"href":"https:\/\/www.wonnereich.com\/en\/wp-json\/wp\/v2\/media\/14298"}],"wp:attachment":[{"href":"https:\/\/www.wonnereich.com\/en\/wp-json\/wp\/v2\/media?parent=14283"}],"wp:term":[{"taxonomy":"product_brand","embeddable":true,"href":"https:\/\/www.wonnereich.com\/en\/wp-json\/wp\/v2\/product_brand?post=14283"},{"taxonomy":"product_cat","embeddable":true,"href":"https:\/\/www.wonnereich.com\/en\/wp-json\/wp\/v2\/product_cat?post=14283"},{"taxonomy":"product_tag","embeddable":true,"href":"https:\/\/www.wonnereich.com\/en\/wp-json\/wp\/v2\/product_tag?post=14283"}],"curies":[{"name":"wp","href":"https:\/\/api.w.org\/{rel}","templated":true}]}}